{"id":200141,"date":"2021-01-28T13:27:40","date_gmt":"2021-01-28T12:27:40","guid":{"rendered":"https:\/\/megacase.com\/?post_type=product&#038;p=200141"},"modified":"2026-03-25T16:07:15","modified_gmt":"2026-03-25T15:07:15","slug":"mixercase-soundcraft-signature-10","status":"publish","type":"product","link":"https:\/\/megacase.com\/de\/produkt\/mixercase-soundcraft-signature-10\/","title":{"rendered":"Mixercase Soundcraft Signature 10"},"content":{"rendered":"<p>Haubencase f\u00fcr ein Mischpult Soundcraft Signature 10.<br \/>\nHergestellt aus 6,5 mm Birkenmultiplex Holz<br \/>\nPhenolharz beschichtet braun<br \/>\nVerwendete Bauteile.<br \/>\n25&#215;25 mm Alukante<br \/>\n2 Butterfly Verschl\u00fcsse<br \/>\n1 Koffergriff Kunstleder<br \/>\n8 Kugelecken<br \/>\n4 Gummif\u00fc\u00dfe 38&#215;20 f\u00fcr rutschsicheren Halt.<br \/>\nSchaumstoffpolster im gesamten Case<br \/>\nGer\u00e4t kann im Case bedient werden<br \/>\nHergestellt wird es in Deutschland<br \/>\nAu\u00dfenma\u00dfe BxTxH:<br \/>\nca. 390x495x220 mm (inkl Ledergriff),<br \/>\nGewicht ca. 5,4 kg<\/p>\n","protected":false},"excerpt":{"rendered":"<p>Haubencase f\u00fcr ein Mischpult Soundcraft Signature 10. Hergestellt aus 6,5 mm Birkenmultiplex Holz Phenolharz beschichtet braun Verwendete Bauteile. 25&#215;25 mm<\/p>\n","protected":false},"featured_media":200174,"template":"","meta":{"_acf_changed":false},"product_brand":[],"product_cat":[13495],"product_tag":[],"class_list":{"0":"post-200141","1":"product","2":"type-product","3":"status-publish","4":"has-post-thumbnail","6":"product_cat-mischpult-cases","8":"first","9":"instock","10":"taxable","11":"shipping-taxable","12":"purchasable","13":"product-type-simple"},"acf":[],"_links":{"self":[{"href":"https:\/\/megacase.com\/de\/wp-json\/wp\/v2\/product\/200141","targetHints":{"allow":["GET"]}}],"collection":[{"href":"https:\/\/megacase.com\/de\/wp-json\/wp\/v2\/product"}],"about":[{"href":"https:\/\/megacase.com\/de\/wp-json\/wp\/v2\/types\/product"}],"wp:featuredmedia":[{"embeddable":true,"href":"https:\/\/megacase.com\/de\/wp-json\/wp\/v2\/media\/200174"}],"wp:attachment":[{"href":"https:\/\/megacase.com\/de\/wp-json\/wp\/v2\/media?parent=200141"}],"wp:term":[{"taxonomy":"product_brand","embeddable":true,"href":"https:\/\/megacase.com\/de\/wp-json\/wp\/v2\/product_brand?post=200141"},{"taxonomy":"product_cat","embeddable":true,"href":"https:\/\/megacase.com\/de\/wp-json\/wp\/v2\/product_cat?post=200141"},{"taxonomy":"product_tag","embeddable":true,"href":"https:\/\/megacase.com\/de\/wp-json\/wp\/v2\/product_tag?post=200141"}],"curies":[{"name":"wp","href":"https:\/\/api.w.org\/{rel}","templated":true}]}}