{"id":200036,"date":"2021-01-28T12:58:02","date_gmt":"2021-01-28T11:58:02","guid":{"rendered":"https:\/\/megacase.com\/?post_type=product&#038;p=200036"},"modified":"2026-03-25T16:07:15","modified_gmt":"2026-03-25T15:07:15","slug":"flightcase-moog-sub-37-tribute-edition","status":"publish","type":"product","link":"https:\/\/megacase.com\/de\/produkt\/flightcase-moog-sub-37-tribute-edition\/","title":{"rendered":"Flightcase Moog Sub 37 Tribute Edition"},"content":{"rendered":"<p>Keyboard-Case f\u00fcr ein Moog Sub 37 Tribute Edition.<br \/>\nDie verwendeten Bauteile sind \u00e4u\u00dferst widerstandsf\u00e4hig und belastbar.<br \/>\nIm Inneraum ist der Schaumstof so eingebaut, so das ein Verrutschen des Keyboards unm\u00f6glich ist.<br \/>\naus 6,5 mm Birkenmultiplex Holz<br \/>\nPhenolharz beschichtet braun<br \/>\n25&#215;25 mm m Alukante,<br \/>\n1 Koffergriff Kunstleder,<br \/>\n2 Feststellscharniere,<br \/>\n2 Aufbauschloss,<br \/>\nStahlkugelecken,<br \/>\nSchaumstoffpolsterung nach Ma\u00df im Deckel und Boden,<br \/>\nHergestellt in Deutschland,<br \/>\nAu\u00dfenma\u00dfe: BxTxH 745x490x250 mm,<br \/>\nGewicht: 8,2 kg<\/p>\n","protected":false},"excerpt":{"rendered":"<p>Keyboard-Case f\u00fcr ein Moog Sub 37 Tribute Edition. Die verwendeten Bauteile sind \u00e4u\u00dferst widerstandsf\u00e4hig und belastbar. Im Inneraum ist der<\/p>\n","protected":false},"featured_media":200061,"template":"","meta":{"_acf_changed":false},"product_brand":[],"product_cat":[14023],"product_tag":[],"class_list":{"0":"post-200036","1":"product","2":"type-product","3":"status-publish","4":"has-post-thumbnail","6":"product_cat-synthesizer-anwendungsgebiete","8":"first","9":"instock","10":"taxable","11":"shipping-taxable","12":"purchasable","13":"product-type-simple"},"acf":[],"_links":{"self":[{"href":"https:\/\/megacase.com\/de\/wp-json\/wp\/v2\/product\/200036","targetHints":{"allow":["GET"]}}],"collection":[{"href":"https:\/\/megacase.com\/de\/wp-json\/wp\/v2\/product"}],"about":[{"href":"https:\/\/megacase.com\/de\/wp-json\/wp\/v2\/types\/product"}],"wp:featuredmedia":[{"embeddable":true,"href":"https:\/\/megacase.com\/de\/wp-json\/wp\/v2\/media\/200061"}],"wp:attachment":[{"href":"https:\/\/megacase.com\/de\/wp-json\/wp\/v2\/media?parent=200036"}],"wp:term":[{"taxonomy":"product_brand","embeddable":true,"href":"https:\/\/megacase.com\/de\/wp-json\/wp\/v2\/product_brand?post=200036"},{"taxonomy":"product_cat","embeddable":true,"href":"https:\/\/megacase.com\/de\/wp-json\/wp\/v2\/product_cat?post=200036"},{"taxonomy":"product_tag","embeddable":true,"href":"https:\/\/megacase.com\/de\/wp-json\/wp\/v2\/product_tag?post=200036"}],"curies":[{"name":"wp","href":"https:\/\/api.w.org\/{rel}","templated":true}]}}