{"id":199870,"date":"2021-01-28T10:36:49","date_gmt":"2021-01-28T09:36:49","guid":{"rendered":"https:\/\/megacase.com\/?post_type=product&#038;p=199870"},"modified":"2026-04-09T14:45:21","modified_gmt":"2026-04-09T12:45:21","slug":"flightcase-roland-spd-sx","status":"publish","type":"product","link":"https:\/\/megacase.com\/de\/produkt\/flightcase-roland-spd-sx\/","title":{"rendered":"Flightcase Roland SPD-SX"},"content":{"rendered":"<p>Nach Ger\u00e4tema\u00dfen gebauter Koffer f\u00fcr ein Sample Pad von Roland SPD XS inkl. Halterung.<br \/>\naus 6,5 mm Birkenmultiplex Holz<br \/>\nPhenolharz beschichtet braun<br \/>\n25&#215;25 mm Alukante<br \/>\nSchaumstoffpolsterung<br \/>\n2 Schnappschl\u00f6sser<br \/>\n1 Koffergriff<br \/>\nDeckelscharniere<br \/>\nStahlkugelecken<br \/>\nPlatz f\u00fcr Netzteil und Multiklammer (ca. 8 cm Klammer)<br \/>\nhergestellt in Deutschland<br \/>\nAu\u00dfenma\u00dfe: BxTxH 465x427x250 mm<br \/>\nGewicht: ca. 5,7 kg<\/p>\n","protected":false},"excerpt":{"rendered":"<p>Nach Ger\u00e4tema\u00dfen gebauter Koffer f\u00fcr ein Sample Pad von Roland SPD XS inkl. Halterung. aus 6,5 mm Birkenmultiplex Holz Phenolharz<\/p>\n","protected":false},"featured_media":199875,"template":"","meta":{"_acf_changed":false},"product_brand":[],"product_cat":[15518],"product_tag":[],"class_list":{"0":"post-199870","1":"product","2":"type-product","3":"status-publish","4":"has-post-thumbnail","6":"product_cat-drum-equipment-case","8":"first","9":"instock","10":"taxable","11":"shipping-taxable","12":"purchasable","13":"product-type-simple"},"acf":[],"_links":{"self":[{"href":"https:\/\/megacase.com\/de\/wp-json\/wp\/v2\/product\/199870","targetHints":{"allow":["GET"]}}],"collection":[{"href":"https:\/\/megacase.com\/de\/wp-json\/wp\/v2\/product"}],"about":[{"href":"https:\/\/megacase.com\/de\/wp-json\/wp\/v2\/types\/product"}],"wp:featuredmedia":[{"embeddable":true,"href":"https:\/\/megacase.com\/de\/wp-json\/wp\/v2\/media\/199875"}],"wp:attachment":[{"href":"https:\/\/megacase.com\/de\/wp-json\/wp\/v2\/media?parent=199870"}],"wp:term":[{"taxonomy":"product_brand","embeddable":true,"href":"https:\/\/megacase.com\/de\/wp-json\/wp\/v2\/product_brand?post=199870"},{"taxonomy":"product_cat","embeddable":true,"href":"https:\/\/megacase.com\/de\/wp-json\/wp\/v2\/product_cat?post=199870"},{"taxonomy":"product_tag","embeddable":true,"href":"https:\/\/megacase.com\/de\/wp-json\/wp\/v2\/product_tag?post=199870"}],"curies":[{"name":"wp","href":"https:\/\/api.w.org\/{rel}","templated":true}]}}