{"id":199206,"date":"2021-01-27T10:47:22","date_gmt":"2021-01-27T09:47:22","guid":{"rendered":"https:\/\/megacase.com\/?post_type=product&#038;p=199206"},"modified":"2026-03-25T16:07:23","modified_gmt":"2026-03-25T15:07:23","slug":"accessory-case-xl-plus-120x40x40","status":"publish","type":"product","link":"https:\/\/megacase.com\/de\/produkt\/accessory-case-xl-plus-120x40x40\/","title":{"rendered":"Zubeh\u00f6rcase XL-Plus 120x40x40"},"content":{"rendered":"<p>Zubeh\u00f6r-Truhe XL-Plus. Sehr strapazierf\u00e4hige Truhe f\u00fcr Ihre Kabel, Werkzeuge u.v..m.<br \/>\nDie passenden Trennwandsets mit Rasterschienen gibt es als Erweiterung.<br \/>\nTrennbretter), erm\u00f6glicht Ihnen noch strukturierter aufzur\u00e4umen.<br \/>\n6,5 mm Birkenmultiplex<br \/>\nFarbe Phenolharz beschichtet braun<br \/>\n30x30mm Alukante<br \/>\n2 x Klappgriff<br \/>\n2 x Feststellscharnier<br \/>\n2 x gefederte Butterfly<br \/>\nStahlkugelcken<br \/>\n4 x 100 mm Lenkrolle davon sind 2 gebremst<br \/>\nInnenma\u00dfe ca. BxTxH 1200 x 400 x 400 mm<br \/>\nAu\u00dfenma\u00dfe ca. BxTxH 1245x425x583 mm<br \/>\nGewicht 21,8 kg<\/p>\n<p>passendes Trennwand-Set: <a href=\"https:\/\/megacase.com\/de\/produkt\/trennwandset-40x40\/\">251870<\/a><\/p>\n","protected":false},"excerpt":{"rendered":"<p>Zubeh\u00f6r-Truhe XL-Plus. Sehr strapazierf\u00e4hige Truhe f\u00fcr Ihre Kabel, Werkzeuge u.v..m. Die passenden Trennwandsets mit Rasterschienen gibt es als Erweiterung. Trennbretter),<\/p>\n","protected":false},"featured_media":199251,"template":"","meta":{"_acf_changed":false},"product_brand":[],"product_cat":[13509],"product_tag":[],"class_list":{"0":"post-199206","1":"product","2":"type-product","3":"status-publish","4":"has-post-thumbnail","6":"product_cat-truhen-cases","8":"first","9":"instock","10":"taxable","11":"shipping-taxable","12":"purchasable","13":"product-type-simple"},"acf":[],"_links":{"self":[{"href":"https:\/\/megacase.com\/de\/wp-json\/wp\/v2\/product\/199206","targetHints":{"allow":["GET"]}}],"collection":[{"href":"https:\/\/megacase.com\/de\/wp-json\/wp\/v2\/product"}],"about":[{"href":"https:\/\/megacase.com\/de\/wp-json\/wp\/v2\/types\/product"}],"wp:featuredmedia":[{"embeddable":true,"href":"https:\/\/megacase.com\/de\/wp-json\/wp\/v2\/media\/199251"}],"wp:attachment":[{"href":"https:\/\/megacase.com\/de\/wp-json\/wp\/v2\/media?parent=199206"}],"wp:term":[{"taxonomy":"product_brand","embeddable":true,"href":"https:\/\/megacase.com\/de\/wp-json\/wp\/v2\/product_brand?post=199206"},{"taxonomy":"product_cat","embeddable":true,"href":"https:\/\/megacase.com\/de\/wp-json\/wp\/v2\/product_cat?post=199206"},{"taxonomy":"product_tag","embeddable":true,"href":"https:\/\/megacase.com\/de\/wp-json\/wp\/v2\/product_tag?post=199206"}],"curies":[{"name":"wp","href":"https:\/\/api.w.org\/{rel}","templated":true}]}}