{"id":199069,"date":"2021-01-27T10:15:05","date_gmt":"2021-01-27T09:15:05","guid":{"rendered":"https:\/\/megacase.com\/?post_type=product&#038;p=199069"},"modified":"2026-03-25T16:07:25","modified_gmt":"2026-03-25T15:07:25","slug":"wireless-systems-case-2u","status":"publish","type":"product","link":"https:\/\/megacase.com\/de\/produkt\/wireless-systems-case-2u\/","title":{"rendered":"Wireless-Systems Case 2U"},"content":{"rendered":"<p>Nutzh\u00f6he 2HE HE<br \/>\n6,5 mm Birkenmultiplex<br \/>\nFarbe Phenolharz beschichtet braun<br \/>\n22&#215;22 mm und 25&#215;25 mm Aluprofil<br \/>\n4 Schnappschl\u00f6sser<br \/>\n1 Stahlriemengriff<br \/>\n4 gro\u00dfe Gummif\u00fc\u00dfe<br \/>\nkleine Stahlkugelecken<br \/>\nstufenlose Rackschiene<br \/>\nincl. Befestigungsmaterial<br \/>\nEinbautiefe Korpus ab Rackschiene 27cm<br \/>\ngepolstertes Zubeh\u00f6rfach im hinteren Deckel 44x8x13cm<br \/>\nAu\u00dfenma\u00dfe (BxHxT) 535x145x510 mm<br \/>\nGewicht: 7 kg<br \/>\nhergestellt in Deutschland<\/p>\n","protected":false},"excerpt":{"rendered":"<p>Nutzh\u00f6he 2HE HE 6,5 mm Birkenmultiplex Farbe Phenolharz beschichtet braun 22&#215;22 mm und 25&#215;25 mm Aluprofil 4 Schnappschl\u00f6sser 1 Stahlriemengriff<\/p>\n","protected":false},"featured_media":199110,"template":"","meta":{"_acf_changed":false},"product_brand":[],"product_cat":[15747],"product_tag":[],"class_list":{"0":"post-199069","1":"product","2":"type-product","3":"status-publish","4":"has-post-thumbnail","6":"product_cat-mikrofon-cases","8":"first","9":"instock","10":"taxable","11":"shipping-taxable","12":"purchasable","13":"product-type-simple"},"acf":[],"_links":{"self":[{"href":"https:\/\/megacase.com\/de\/wp-json\/wp\/v2\/product\/199069","targetHints":{"allow":["GET"]}}],"collection":[{"href":"https:\/\/megacase.com\/de\/wp-json\/wp\/v2\/product"}],"about":[{"href":"https:\/\/megacase.com\/de\/wp-json\/wp\/v2\/types\/product"}],"wp:featuredmedia":[{"embeddable":true,"href":"https:\/\/megacase.com\/de\/wp-json\/wp\/v2\/media\/199110"}],"wp:attachment":[{"href":"https:\/\/megacase.com\/de\/wp-json\/wp\/v2\/media?parent=199069"}],"wp:term":[{"taxonomy":"product_brand","embeddable":true,"href":"https:\/\/megacase.com\/de\/wp-json\/wp\/v2\/product_brand?post=199069"},{"taxonomy":"product_cat","embeddable":true,"href":"https:\/\/megacase.com\/de\/wp-json\/wp\/v2\/product_cat?post=199069"},{"taxonomy":"product_tag","embeddable":true,"href":"https:\/\/megacase.com\/de\/wp-json\/wp\/v2\/product_tag?post=199069"}],"curies":[{"name":"wp","href":"https:\/\/api.w.org\/{rel}","templated":true}]}}