{"id":199029,"date":"2021-01-27T10:03:24","date_gmt":"2021-01-27T09:03:24","guid":{"rendered":"https:\/\/megacase.com\/?post_type=product&#038;p=199029"},"modified":"2026-03-25T16:07:25","modified_gmt":"2026-03-25T15:07:25","slug":"lp-case-eco","status":"publish","type":"product","link":"https:\/\/megacase.com\/de\/produkt\/lp-case-eco\/","title":{"rendered":"LP Case ECO"},"content":{"rendered":"<p>Standard-Gr\u00f6\u00dfe f\u00fcr ca. 80 LP\u00b4s<br \/>\nGebaut wird es aus<br \/>\n6,5 mm Birkenmultiplex phenolharz beschichtet<br \/>\nFarbe: braun<br \/>\n22&#215;22 mm Alukante<br \/>\n1 Riemengriff<br \/>\n1 Schnappschloss<br \/>\n2 Aush\u00e4ngescharniere<br \/>\nkleine Kugelecken<br \/>\nhergestellt in Deutschland<br \/>\nAu\u00dfenma\u00dfe ca. BxTxH 355x305x350 mm<br \/>\nGewicht ca. 4,4kg<\/p>\n","protected":false},"excerpt":{"rendered":"<p>Standard-Gr\u00f6\u00dfe f\u00fcr ca. 80 LP\u00b4s Gebaut wird es aus 6,5 mm Birkenmultiplex phenolharz beschichtet Farbe: braun 22&#215;22 mm Alukante 1<\/p>\n","protected":false},"featured_media":199054,"template":"","meta":{"_acf_changed":false},"product_brand":[],"product_cat":[13493],"product_tag":[],"class_list":{"0":"post-199029","1":"product","2":"type-product","3":"status-publish","4":"has-post-thumbnail","6":"product_cat-dj-equipment-cases","8":"first","9":"instock","10":"taxable","11":"shipping-taxable","12":"purchasable","13":"product-type-simple"},"acf":[],"_links":{"self":[{"href":"https:\/\/megacase.com\/de\/wp-json\/wp\/v2\/product\/199029","targetHints":{"allow":["GET"]}}],"collection":[{"href":"https:\/\/megacase.com\/de\/wp-json\/wp\/v2\/product"}],"about":[{"href":"https:\/\/megacase.com\/de\/wp-json\/wp\/v2\/types\/product"}],"wp:featuredmedia":[{"embeddable":true,"href":"https:\/\/megacase.com\/de\/wp-json\/wp\/v2\/media\/199054"}],"wp:attachment":[{"href":"https:\/\/megacase.com\/de\/wp-json\/wp\/v2\/media?parent=199029"}],"wp:term":[{"taxonomy":"product_brand","embeddable":true,"href":"https:\/\/megacase.com\/de\/wp-json\/wp\/v2\/product_brand?post=199029"},{"taxonomy":"product_cat","embeddable":true,"href":"https:\/\/megacase.com\/de\/wp-json\/wp\/v2\/product_cat?post=199029"},{"taxonomy":"product_tag","embeddable":true,"href":"https:\/\/megacase.com\/de\/wp-json\/wp\/v2\/product_tag?post=199029"}],"curies":[{"name":"wp","href":"https:\/\/api.w.org\/{rel}","templated":true}]}}