{"id":198730,"date":"2021-01-24T12:47:10","date_gmt":"2021-01-24T11:47:10","guid":{"rendered":"https:\/\/megacase.com\/?post_type=product&#038;p=198730"},"modified":"2026-03-25T16:07:25","modified_gmt":"2026-03-25T15:07:25","slug":"zubehoercase-100x50x50-rg-rm","status":"publish","type":"product","link":"https:\/\/megacase.com\/de\/produkt\/zubehoercase-100x50x50-rg-rm\/","title":{"rendered":"Zubeh\u00f6rcase 100x50x50 RG + RM"},"content":{"rendered":"<p>Zubeh\u00f6rtruhe mit den Innenma\u00dfe von 1000 x 500 x 500 mm<br \/>\n6,5 mm Birkenmultiplex phenolharz beschichtet<br \/>\nFarbe: braun<br \/>\n30&#215;30 Alukante<br \/>\n2 Butterflys mittel<br \/>\n2 Feststellscharniere gro\u00df<br \/>\n4 Klappgriffe mittel<br \/>\n4 Stahlkugelecken mittel<br \/>\n4 Stahlkugelecken mittel mit L-Ecke<br \/>\n4 EInbauschalen Radmulden im Deckel zum stapeln weiterer Truhencases mitd em gleichen Ma\u00df<br \/>\n4x Lenkrolle (2xgebremst)<br \/>\nAu\u00dfenma\u00dfe BxTxH 1045x535x682 mm<br \/>\nGewicht: 23,6 kg<br \/>\nMade in Germany<\/p>\n<p>passendes Trennwandest unten<a href=\"https:\/\/megacase.com\/de\/produkt\/trennwandset-50x50\/\"> 251871<\/a> erh\u00e4ltlich<\/p>\n","protected":false},"excerpt":{"rendered":"<p>Zubeh\u00f6rtruhe mit den Innenma\u00dfe von 1000 x 500 x 500 mm 6,5 mm Birkenmultiplex phenolharz beschichtet Farbe: braun 30&#215;30 Alukante<\/p>\n","protected":false},"featured_media":198739,"template":"","meta":{"_acf_changed":false},"product_brand":[],"product_cat":[13509],"product_tag":[],"class_list":{"0":"post-198730","1":"product","2":"type-product","3":"status-publish","4":"has-post-thumbnail","6":"product_cat-truhen-cases","8":"first","9":"instock","10":"taxable","11":"shipping-taxable","12":"purchasable","13":"product-type-simple"},"acf":[],"_links":{"self":[{"href":"https:\/\/megacase.com\/de\/wp-json\/wp\/v2\/product\/198730","targetHints":{"allow":["GET"]}}],"collection":[{"href":"https:\/\/megacase.com\/de\/wp-json\/wp\/v2\/product"}],"about":[{"href":"https:\/\/megacase.com\/de\/wp-json\/wp\/v2\/types\/product"}],"wp:featuredmedia":[{"embeddable":true,"href":"https:\/\/megacase.com\/de\/wp-json\/wp\/v2\/media\/198739"}],"wp:attachment":[{"href":"https:\/\/megacase.com\/de\/wp-json\/wp\/v2\/media?parent=198730"}],"wp:term":[{"taxonomy":"product_brand","embeddable":true,"href":"https:\/\/megacase.com\/de\/wp-json\/wp\/v2\/product_brand?post=198730"},{"taxonomy":"product_cat","embeddable":true,"href":"https:\/\/megacase.com\/de\/wp-json\/wp\/v2\/product_cat?post=198730"},{"taxonomy":"product_tag","embeddable":true,"href":"https:\/\/megacase.com\/de\/wp-json\/wp\/v2\/product_tag?post=198730"}],"curies":[{"name":"wp","href":"https:\/\/api.w.org\/{rel}","templated":true}]}}