{"id":197694,"date":"2021-01-16T21:58:09","date_gmt":"2021-01-16T20:58:09","guid":{"rendered":"https:\/\/megacase.com\/?post_type=product&#038;p=197694"},"modified":"2026-03-25T16:07:32","modified_gmt":"2026-03-25T15:07:32","slug":"case-vava-4k-uhd-laser-tv-beamer","status":"publish","type":"product","link":"https:\/\/megacase.com\/de\/produkt\/case-vava-4k-uhd-laser-tv-beamer\/","title":{"rendered":"Case VAVA 4k UHD Laser TV Beamer"},"content":{"rendered":"<p>passendes Haubencase f\u00fcr ein VAVA 4k UHD Laser TV Beamer<br \/>\ninkl. einem Stauraum f\u00fcr Zubeh\u00f6r<br \/>\n6,8mm Birkenmultiplex phenolharz beschichtet<br \/>\nFarbe: braun<br \/>\n25 x 25 mm Alukante<br \/>\n2 Butterfly-Verschl\u00fcsse mittel<br \/>\n1 Klappgriff vorne<br \/>\n8 Kugelecken mittel<br \/>\n4 Gummif\u00fc\u00dfe 38 x 20 mm<br \/>\nSchaumstoffpolsterung<br \/>\nhergestellt in Deutschland<br \/>\nAu\u00dfenma\u00dfe BxTxH ca.: 625 x 450 x 225 mm<br \/>\nGewicht ca.: 7,5 kg<\/p>\n","protected":false},"excerpt":{"rendered":"<p>passendes Haubencase f\u00fcr ein VAVA 4k UHD Laser TV Beamer inkl. einem Stauraum f\u00fcr Zubeh\u00f6r 6,8mm Birkenmultiplex phenolharz beschichtet Farbe:<\/p>\n","protected":false},"featured_media":197695,"template":"","meta":{"_acf_changed":false},"product_brand":[],"product_cat":[13553],"product_tag":[],"class_list":{"0":"post-197694","1":"product","2":"type-product","3":"status-publish","4":"has-post-thumbnail","6":"product_cat-beamercases-und-zubehoer-koffer","8":"first","9":"instock","10":"taxable","11":"shipping-taxable","12":"purchasable","13":"product-type-simple"},"acf":[],"_links":{"self":[{"href":"https:\/\/megacase.com\/de\/wp-json\/wp\/v2\/product\/197694","targetHints":{"allow":["GET"]}}],"collection":[{"href":"https:\/\/megacase.com\/de\/wp-json\/wp\/v2\/product"}],"about":[{"href":"https:\/\/megacase.com\/de\/wp-json\/wp\/v2\/types\/product"}],"wp:featuredmedia":[{"embeddable":true,"href":"https:\/\/megacase.com\/de\/wp-json\/wp\/v2\/media\/197695"}],"wp:attachment":[{"href":"https:\/\/megacase.com\/de\/wp-json\/wp\/v2\/media?parent=197694"}],"wp:term":[{"taxonomy":"product_brand","embeddable":true,"href":"https:\/\/megacase.com\/de\/wp-json\/wp\/v2\/product_brand?post=197694"},{"taxonomy":"product_cat","embeddable":true,"href":"https:\/\/megacase.com\/de\/wp-json\/wp\/v2\/product_cat?post=197694"},{"taxonomy":"product_tag","embeddable":true,"href":"https:\/\/megacase.com\/de\/wp-json\/wp\/v2\/product_tag?post=197694"}],"curies":[{"name":"wp","href":"https:\/\/api.w.org\/{rel}","templated":true}]}}