{"id":197455,"date":"2021-01-16T21:13:49","date_gmt":"2021-01-16T20:13:49","guid":{"rendered":"https:\/\/megacase.com\/?post_type=product&#038;p=197455"},"modified":"2026-03-25T16:07:34","modified_gmt":"2026-03-25T15:07:34","slug":"flightcase-marleaux-tiuz-5","status":"publish","type":"product","link":"https:\/\/megacase.com\/de\/produkt\/flightcase-marleaux-tiuz-5\/","title":{"rendered":"Flightcase Marleaux Tiuz 5"},"content":{"rendered":"<p>passendes Koffercase mit Schaumstoffinlay f\u00fcr einen Marleaux Tiuz 5 String Bass<br \/>\naus 6,8mm Birkenmultiplex phenolharz beschichtet<br \/>\nFarbe: braun<br \/>\n22 x 22mm Alukante<br \/>\n1 Ledergriff<br \/>\n2 Feststellscharniere<br \/>\n1 Kofferschloss mit Schl\u00fcssel<br \/>\n8 Kugelecken klein<br \/>\nSchaumstoffpolsterung<br \/>\nF\u00e4cher f\u00fcr Zubeh\u00f6r im Inlay<br \/>\nhergestellt in Deutschland<br \/>\nAu\u00dfenma\u00dfe BxTxH ca.: 1233 x 470 x 135 mm<br \/>\nGewicht ca.: 10,3 kg<\/p>\n","protected":false},"excerpt":{"rendered":"<p>passendes Koffercase mit Schaumstoffinlay f\u00fcr einen Marleaux Tiuz 5 String Bass aus 6,8mm Birkenmultiplex phenolharz beschichtet Farbe: braun 22 x<\/p>\n","protected":false},"featured_media":197460,"template":"","meta":{"_acf_changed":false},"product_brand":[],"product_cat":[13594],"product_tag":[],"class_list":{"0":"post-197455","1":"product","2":"type-product","3":"status-publish","4":"has-post-thumbnail","6":"product_cat-cases-fuer-gitarre-bass-cases","8":"first","9":"instock","10":"taxable","11":"shipping-taxable","12":"purchasable","13":"product-type-simple"},"acf":[],"_links":{"self":[{"href":"https:\/\/megacase.com\/de\/wp-json\/wp\/v2\/product\/197455","targetHints":{"allow":["GET"]}}],"collection":[{"href":"https:\/\/megacase.com\/de\/wp-json\/wp\/v2\/product"}],"about":[{"href":"https:\/\/megacase.com\/de\/wp-json\/wp\/v2\/types\/product"}],"wp:featuredmedia":[{"embeddable":true,"href":"https:\/\/megacase.com\/de\/wp-json\/wp\/v2\/media\/197460"}],"wp:attachment":[{"href":"https:\/\/megacase.com\/de\/wp-json\/wp\/v2\/media?parent=197455"}],"wp:term":[{"taxonomy":"product_brand","embeddable":true,"href":"https:\/\/megacase.com\/de\/wp-json\/wp\/v2\/product_brand?post=197455"},{"taxonomy":"product_cat","embeddable":true,"href":"https:\/\/megacase.com\/de\/wp-json\/wp\/v2\/product_cat?post=197455"},{"taxonomy":"product_tag","embeddable":true,"href":"https:\/\/megacase.com\/de\/wp-json\/wp\/v2\/product_tag?post=197455"}],"curies":[{"name":"wp","href":"https:\/\/api.w.org\/{rel}","templated":true}]}}