{"id":196384,"date":"2021-01-05T16:05:03","date_gmt":"2021-01-05T15:05:03","guid":{"rendered":"https:\/\/megacase.com\/?post_type=product&#038;p=196384"},"modified":"2026-03-25T16:07:41","modified_gmt":"2026-03-25T15:07:41","slug":"case-briteq-bt-theatre-100ec-mk2-2in1","status":"publish","type":"product","link":"https:\/\/megacase.com\/de\/produkt\/case-briteq-bt-theatre-100ec-mk2-2in1\/","title":{"rendered":"Case BriteQ BT-Theatre 100EC Mk2 2in1"},"content":{"rendered":"<p>passendes Truhencase f\u00fcr zwei BriteQ BT-Theatre 100EC Mk2 Scheinwerfer<br \/>\ninkl. gepolsterten Fach f\u00fcr Torblenden und anderes Zubeh\u00f6r<br \/>\naus 6,8 mm Birkenmultiplex phenolharz beschichtet<br \/>\nFarbe: braun<br \/>\n30&#215;30 mm Alukante,<br \/>\n2 Butterfly mittel 12 mm gefedert,<br \/>\n2 Klappgriff mittel gefedert 8 mm Schale ,<br \/>\n2 Feststellscharnier gro\u00df ,<br \/>\n4 Kugelecke mittel mit L-Ecke 62 mm ,<br \/>\n4 Kugelecke mittel ,<br \/>\n4 L-Ecke mittel ,<br \/>\nmin. 1 cm Schaumstoff,<br \/>\n3 cm Noppenschaum im Deckel,<br \/>\nInnenausbau (120 mm Zubeh\u00f6rfach)<br \/>\nhergestellt in Deutschland<br \/>\nAu\u00dfenma\u00dfe BxTxH ca.: 880 x 370 x 510 mm<br \/>\nGewicht ca.: 15,7 kg<\/p>\n","protected":false},"excerpt":{"rendered":"<p>passendes Truhencase f\u00fcr zwei BriteQ BT-Theatre 100EC Mk2 Scheinwerfer inkl. gepolsterten Fach f\u00fcr Torblenden und anderes Zubeh\u00f6r aus 6,8 mm<\/p>\n","protected":false},"featured_media":198776,"template":"","meta":{"_acf_changed":false},"product_brand":[],"product_cat":[13627],"product_tag":[],"class_list":{"0":"post-196384","1":"product","2":"type-product","3":"status-publish","4":"has-post-thumbnail","6":"product_cat-lichtcases","8":"first","9":"instock","10":"taxable","11":"shipping-taxable","12":"purchasable","13":"product-type-simple"},"acf":[],"_links":{"self":[{"href":"https:\/\/megacase.com\/de\/wp-json\/wp\/v2\/product\/196384","targetHints":{"allow":["GET"]}}],"collection":[{"href":"https:\/\/megacase.com\/de\/wp-json\/wp\/v2\/product"}],"about":[{"href":"https:\/\/megacase.com\/de\/wp-json\/wp\/v2\/types\/product"}],"wp:featuredmedia":[{"embeddable":true,"href":"https:\/\/megacase.com\/de\/wp-json\/wp\/v2\/media\/198776"}],"wp:attachment":[{"href":"https:\/\/megacase.com\/de\/wp-json\/wp\/v2\/media?parent=196384"}],"wp:term":[{"taxonomy":"product_brand","embeddable":true,"href":"https:\/\/megacase.com\/de\/wp-json\/wp\/v2\/product_brand?post=196384"},{"taxonomy":"product_cat","embeddable":true,"href":"https:\/\/megacase.com\/de\/wp-json\/wp\/v2\/product_cat?post=196384"},{"taxonomy":"product_tag","embeddable":true,"href":"https:\/\/megacase.com\/de\/wp-json\/wp\/v2\/product_tag?post=196384"}],"curies":[{"name":"wp","href":"https:\/\/api.w.org\/{rel}","templated":true}]}}