{"id":195884,"date":"2021-01-05T14:24:57","date_gmt":"2021-01-05T13:24:57","guid":{"rendered":"https:\/\/megacase.com\/?post_type=product&#038;p=195884"},"modified":"2026-03-25T16:07:45","modified_gmt":"2026-03-25T15:07:45","slug":"flightcase-yamaha-rivage-pm-5","status":"publish","type":"product","link":"https:\/\/megacase.com\/de\/produkt\/flightcase-yamaha-rivage-pm-5\/","title":{"rendered":"Flightcase Yamaha Rivage PM 5"},"content":{"rendered":"<p>aus 9mm Birkenmultiplex beschichtet<br \/>\nFarbe: schwarz<br \/>\n35 x 35 mm Alukante mit Nietrille<br \/>\n8 Butterfly-Verschl\u00fcsse gro\u00df<br \/>\n10 Klappgriffe gro\u00df<br \/>\n4 Klappgriffe mittel<br \/>\n2 Kantengriffe<br \/>\n1 Tourlabel-Einbauschale<br \/>\n8 Kugelecken gro\u00df<br \/>\n4 Lenkrollen davon 2 gebremst<br \/>\n18cm tiefes Dockhouse hinten<br \/>\nSchaumstoffpolsterung<br \/>\nhergestellt in Deutschland<br \/>\nAu\u00dfenma\u00dfe BxTxH ca.: 1550 x 510 x 1137 mm<br \/>\nGewicht ca.: 93,2 kg<\/p>\n<p>&nbsp;<\/p>\n","protected":false},"excerpt":{"rendered":"<p>aus 9mm Birkenmultiplex beschichtet Farbe: schwarz 35 x 35 mm Alukante mit Nietrille 8 Butterfly-Verschl\u00fcsse gro\u00df 10 Klappgriffe gro\u00df 4<\/p>\n","protected":false},"featured_media":198812,"template":"","meta":{"_acf_changed":false},"product_brand":[],"product_cat":[13495],"product_tag":[],"class_list":{"0":"post-195884","1":"product","2":"type-product","3":"status-publish","4":"has-post-thumbnail","6":"product_cat-mischpult-cases","8":"first","9":"instock","10":"taxable","11":"shipping-taxable","12":"purchasable","13":"product-type-simple"},"acf":[],"_links":{"self":[{"href":"https:\/\/megacase.com\/de\/wp-json\/wp\/v2\/product\/195884","targetHints":{"allow":["GET"]}}],"collection":[{"href":"https:\/\/megacase.com\/de\/wp-json\/wp\/v2\/product"}],"about":[{"href":"https:\/\/megacase.com\/de\/wp-json\/wp\/v2\/types\/product"}],"wp:featuredmedia":[{"embeddable":true,"href":"https:\/\/megacase.com\/de\/wp-json\/wp\/v2\/media\/198812"}],"wp:attachment":[{"href":"https:\/\/megacase.com\/de\/wp-json\/wp\/v2\/media?parent=195884"}],"wp:term":[{"taxonomy":"product_brand","embeddable":true,"href":"https:\/\/megacase.com\/de\/wp-json\/wp\/v2\/product_brand?post=195884"},{"taxonomy":"product_cat","embeddable":true,"href":"https:\/\/megacase.com\/de\/wp-json\/wp\/v2\/product_cat?post=195884"},{"taxonomy":"product_tag","embeddable":true,"href":"https:\/\/megacase.com\/de\/wp-json\/wp\/v2\/product_tag?post=195884"}],"curies":[{"name":"wp","href":"https:\/\/api.w.org\/{rel}","templated":true}]}}