{"id":195784,"date":"2021-01-05T13:47:36","date_gmt":"2021-01-05T12:47:36","guid":{"rendered":"https:\/\/megacase.com\/?post_type=product&#038;p=195784"},"modified":"2026-03-25T16:10:28","modified_gmt":"2026-03-25T15:10:28","slug":"flightcase-ipad-air-2-16in1","status":"publish","type":"product","link":"https:\/\/megacase.com\/de\/produkt\/flightcase-ipad-air-2-16in1\/","title":{"rendered":"Flightcase iPad Air 2 16in1"},"content":{"rendered":"<p>passender Koffer mit Schaumstoffinlay f\u00fcr 16 iPad Air inkl. Case<br \/>\nmit den Ma\u00dfen 200 x 265 x 24 mm BxTxH<br \/>\naus 6,8 mm Birkenmultiplex beschichtet,<br \/>\nFarbe: <a href=\"https:\/\/megacase.com\/de\/farben-beschichtungen\/\">frei w\u00e4hlbar<\/a><br \/>\n2 Butterfly-Verschl\u00fcsse mitel mit \u00d6se f\u00fcr ein Vorh\u00e4ngeschloss<br \/>\n2 Geweberiemengriff<br \/>\nInlay f\u00fcr 16 ipad Air 2 im Case<br \/>\nSchaumstoffpolster auch im Deckel<br \/>\n20 cm Zubeh\u00f6rfach links f\u00fcr Stromversorgung<br \/>\nServiceklappe links,<br \/>\n6 Stahlkugelecken mittel<br \/>\n2 Eckeinbaurollen links<br \/>\n4 Gummif\u00fc\u00dfe 38 x 20 mm<br \/>\n2 Feststellscharniere<br \/>\nHergestellt in Deutschland<br \/>\nAu\u00dfenma\u00dfe BxTxH ca.: 1032 x 315 x 370 mm<br \/>\nGewicht: 12,8 kg<\/p>\n<p>Bei einer Bestellung bitte die gew\u00fcnschte Farbe im Kommentarfeld angeben<\/p>\n","protected":false},"excerpt":{"rendered":"<p>passender Koffer mit Schaumstoffinlay f\u00fcr 16 iPad Air inkl. Case mit den Ma\u00dfen 200 x 265 x 24 mm BxTxH<\/p>\n","protected":false},"featured_media":195830,"template":"","meta":{"_acf_changed":false},"product_brand":[],"product_cat":[13576],"product_tag":[],"class_list":{"0":"post-195784","1":"product","2":"type-product","3":"status-publish","4":"has-post-thumbnail","6":"product_cat-cases-fuer-computer-und-zubehoer","8":"first","9":"instock","10":"taxable","11":"shipping-taxable","12":"purchasable","13":"product-type-simple"},"acf":[],"_links":{"self":[{"href":"https:\/\/megacase.com\/de\/wp-json\/wp\/v2\/product\/195784","targetHints":{"allow":["GET"]}}],"collection":[{"href":"https:\/\/megacase.com\/de\/wp-json\/wp\/v2\/product"}],"about":[{"href":"https:\/\/megacase.com\/de\/wp-json\/wp\/v2\/types\/product"}],"wp:featuredmedia":[{"embeddable":true,"href":"https:\/\/megacase.com\/de\/wp-json\/wp\/v2\/media\/195830"}],"wp:attachment":[{"href":"https:\/\/megacase.com\/de\/wp-json\/wp\/v2\/media?parent=195784"}],"wp:term":[{"taxonomy":"product_brand","embeddable":true,"href":"https:\/\/megacase.com\/de\/wp-json\/wp\/v2\/product_brand?post=195784"},{"taxonomy":"product_cat","embeddable":true,"href":"https:\/\/megacase.com\/de\/wp-json\/wp\/v2\/product_cat?post=195784"},{"taxonomy":"product_tag","embeddable":true,"href":"https:\/\/megacase.com\/de\/wp-json\/wp\/v2\/product_tag?post=195784"}],"curies":[{"name":"wp","href":"https:\/\/api.w.org\/{rel}","templated":true}]}}