{"id":195234,"date":"2020-12-29T15:29:46","date_gmt":"2020-12-29T14:29:46","guid":{"rendered":"https:\/\/megacase.com\/?post_type=product&#038;p=195234"},"modified":"2026-03-25T16:10:32","modified_gmt":"2026-03-25T15:10:32","slug":"protective-shield-1000x600-wpt","status":"publish","type":"product","link":"https:\/\/megacase.com\/de\/produkt\/protective-shield-1000x600-wpt\/","title":{"rendered":"Protective shield 1000&#215;600 WPT"},"content":{"rendered":"<p>protective shield 1000&#215;600 WPT<br \/>\nHygieneschutzwand f\u00fcr Tischmontage<br \/>\nmit Durchreiche<br \/>\nMaterial: Polycarbonat<br \/>\nPlattenma\u00df 1000 mm breit und 580 mm hoch<br \/>\nPlattenst\u00e4rke: 8 mm<br \/>\nAbmessungen Durchreiche 400 x 100 mm<br \/>\nGewicht Scheibe: 5,25 kg<br \/>\nGewicht Klemmen: 0,4 kg<br \/>\nhergestellt in Deutschland<br \/>\ninkl. 2 Tischklemmen aus Edelstahl, geeignet f\u00fcr Tischplattenst\u00e4rke 12 &#8211; 50 mm<\/p>\n","protected":false},"excerpt":{"rendered":"<p>protective shield 1000&#215;600 WPT Hygieneschutzwand f\u00fcr Tischmontage mit Durchreiche Material: Polycarbonat Plattenma\u00df 1000 mm breit und 580 mm hoch Plattenst\u00e4rke:<\/p>\n","protected":false},"featured_media":195251,"template":"","meta":{"_acf_changed":false},"product_brand":[],"product_cat":[15072],"product_tag":[],"class_list":{"0":"post-195234","1":"product","2":"type-product","3":"status-publish","4":"has-post-thumbnail","6":"product_cat-sicherheit","8":"first","9":"instock","10":"taxable","11":"shipping-taxable","12":"purchasable","13":"product-type-simple"},"acf":[],"_links":{"self":[{"href":"https:\/\/megacase.com\/de\/wp-json\/wp\/v2\/product\/195234","targetHints":{"allow":["GET"]}}],"collection":[{"href":"https:\/\/megacase.com\/de\/wp-json\/wp\/v2\/product"}],"about":[{"href":"https:\/\/megacase.com\/de\/wp-json\/wp\/v2\/types\/product"}],"wp:featuredmedia":[{"embeddable":true,"href":"https:\/\/megacase.com\/de\/wp-json\/wp\/v2\/media\/195251"}],"wp:attachment":[{"href":"https:\/\/megacase.com\/de\/wp-json\/wp\/v2\/media?parent=195234"}],"wp:term":[{"taxonomy":"product_brand","embeddable":true,"href":"https:\/\/megacase.com\/de\/wp-json\/wp\/v2\/product_brand?post=195234"},{"taxonomy":"product_cat","embeddable":true,"href":"https:\/\/megacase.com\/de\/wp-json\/wp\/v2\/product_cat?post=195234"},{"taxonomy":"product_tag","embeddable":true,"href":"https:\/\/megacase.com\/de\/wp-json\/wp\/v2\/product_tag?post=195234"}],"curies":[{"name":"wp","href":"https:\/\/api.w.org\/{rel}","templated":true}]}}