{"id":195194,"date":"2020-12-29T15:17:11","date_gmt":"2020-12-29T14:17:11","guid":{"rendered":"https:\/\/megacase.com\/?post_type=product&#038;p=195194"},"modified":"2026-03-25T16:10:33","modified_gmt":"2026-03-25T15:10:33","slug":"protective-wall-shield1000x600","status":"publish","type":"product","link":"https:\/\/megacase.com\/de\/produkt\/protective-wall-shield1000x600\/","title":{"rendered":"Protective wall shield1000x600"},"content":{"rendered":"<p>Hygieneschutzwand f\u00fcr Tischmontage<br \/>\nMaterial: Polycarbonat<br \/>\nPlattenma\u00df 1000 mm breit und 580 mm hoch<br \/>\nPlattenst\u00e4rke: 8 mm<br \/>\nGewicht Scheibe: 5,5 kg<br \/>\nGewicht Klemmen: 0,4 kg<br \/>\ninkl. 2 Tischklemmen aus Edelstahl, geeignet f\u00fcr Tischplattenst\u00e4rke 12 &#8211; 50 mm<br \/>\nhergestellt in Deutschland<\/p>\n","protected":false},"excerpt":{"rendered":"<p>Hygieneschutzwand f\u00fcr Tischmontage Material: Polycarbonat Plattenma\u00df 1000 mm breit und 580 mm hoch Plattenst\u00e4rke: 8 mm Gewicht Scheibe: 5,5 kg<\/p>\n","protected":false},"featured_media":195174,"template":"","meta":{"_acf_changed":false},"product_brand":[],"product_cat":[15072],"product_tag":[],"class_list":{"0":"post-195194","1":"product","2":"type-product","3":"status-publish","4":"has-post-thumbnail","6":"product_cat-sicherheit","8":"first","9":"instock","10":"taxable","11":"shipping-taxable","12":"purchasable","13":"product-type-simple"},"acf":[],"_links":{"self":[{"href":"https:\/\/megacase.com\/de\/wp-json\/wp\/v2\/product\/195194","targetHints":{"allow":["GET"]}}],"collection":[{"href":"https:\/\/megacase.com\/de\/wp-json\/wp\/v2\/product"}],"about":[{"href":"https:\/\/megacase.com\/de\/wp-json\/wp\/v2\/types\/product"}],"wp:featuredmedia":[{"embeddable":true,"href":"https:\/\/megacase.com\/de\/wp-json\/wp\/v2\/media\/195174"}],"wp:attachment":[{"href":"https:\/\/megacase.com\/de\/wp-json\/wp\/v2\/media?parent=195194"}],"wp:term":[{"taxonomy":"product_brand","embeddable":true,"href":"https:\/\/megacase.com\/de\/wp-json\/wp\/v2\/product_brand?post=195194"},{"taxonomy":"product_cat","embeddable":true,"href":"https:\/\/megacase.com\/de\/wp-json\/wp\/v2\/product_cat?post=195194"},{"taxonomy":"product_tag","embeddable":true,"href":"https:\/\/megacase.com\/de\/wp-json\/wp\/v2\/product_tag?post=195194"}],"curies":[{"name":"wp","href":"https:\/\/api.w.org\/{rel}","templated":true}]}}