{"id":194664,"date":"2020-12-21T18:35:27","date_gmt":"2020-12-21T17:35:27","guid":{"rendered":"https:\/\/megacase.com\/?post_type=product&#038;p=194664"},"modified":"2026-03-25T16:10:35","modified_gmt":"2026-03-25T15:10:35","slug":"case-t-bone-speech-100m-16in1-2","status":"publish","type":"product","link":"https:\/\/megacase.com\/de\/produkt\/case-t-bone-speech-100m-16in1-2\/","title":{"rendered":"Case T-Bone Speech 100M 16in1"},"content":{"rendered":"<p>passend f\u00fcr t-bone Speech 100M Konferenzsystem,<br \/>\nCase mit herausnehmbaren 2HE Rack f\u00fcr die Steuereinheit,<br \/>\nherausnehmbare Wanne mit 4 Schaumstoffinlays f\u00fcr die Sprechstellen (15 Deligierte und 1 Pr\u00e4sident) und Mikrofone,<br \/>\nPlatz f\u00fcr Kabel und Zubeh\u00f6r,<br \/>\n6,8mm Birkenmultiplex phenolharz beschichtet,<br \/>\nFarbe: braun,<br \/>\n30 x 30mm Alukante,<br \/>\n4 Butterfly-Verschl\u00fcsse mittel,<br \/>\n4 Klappgriffe mittel,<br \/>\n4 Kugelecken mittel,<br \/>\n4 Kugelecken mittel mit L-Ecke,<br \/>\n4 Lenkrollen davon 2 gebremst,<br \/>\nSchaumstoffpolsterung,<br \/>\nZubeh\u00f6rfach,<br \/>\nAu\u00dfenma\u00dfe BxTxH ca.: 705 x 595 x 785 mm,<br \/>\nGewicht ca.: 24 kg<\/p>\n","protected":false},"excerpt":{"rendered":"<p>passend f\u00fcr t-bone Speech 100M Konferenzsystem, Case mit herausnehmbaren 2HE Rack f\u00fcr die Steuereinheit, herausnehmbare Wanne mit 4 Schaumstoffinlays f\u00fcr<\/p>\n","protected":false},"featured_media":194761,"template":"","meta":{"_acf_changed":false},"product_brand":[],"product_cat":[13579,15747],"product_tag":[],"class_list":{"0":"post-194664","1":"product","2":"type-product","3":"status-publish","4":"has-post-thumbnail","6":"product_cat-audio-cases","7":"product_cat-mikrofon-cases","9":"first","10":"instock","11":"taxable","12":"shipping-taxable","13":"purchasable","14":"product-type-simple"},"acf":[],"_links":{"self":[{"href":"https:\/\/megacase.com\/de\/wp-json\/wp\/v2\/product\/194664","targetHints":{"allow":["GET"]}}],"collection":[{"href":"https:\/\/megacase.com\/de\/wp-json\/wp\/v2\/product"}],"about":[{"href":"https:\/\/megacase.com\/de\/wp-json\/wp\/v2\/types\/product"}],"wp:featuredmedia":[{"embeddable":true,"href":"https:\/\/megacase.com\/de\/wp-json\/wp\/v2\/media\/194761"}],"wp:attachment":[{"href":"https:\/\/megacase.com\/de\/wp-json\/wp\/v2\/media?parent=194664"}],"wp:term":[{"taxonomy":"product_brand","embeddable":true,"href":"https:\/\/megacase.com\/de\/wp-json\/wp\/v2\/product_brand?post=194664"},{"taxonomy":"product_cat","embeddable":true,"href":"https:\/\/megacase.com\/de\/wp-json\/wp\/v2\/product_cat?post=194664"},{"taxonomy":"product_tag","embeddable":true,"href":"https:\/\/megacase.com\/de\/wp-json\/wp\/v2\/product_tag?post=194664"}],"curies":[{"name":"wp","href":"https:\/\/api.w.org\/{rel}","templated":true}]}}