{"id":194267,"date":"2020-12-14T10:18:54","date_gmt":"2020-12-14T09:18:54","guid":{"rendered":"https:\/\/megacase.com\/?post_type=product&#038;p=194267"},"modified":"2026-03-25T16:10:37","modified_gmt":"2026-03-25T15:10:37","slug":"inlay-shure-slxd-4-4","status":"publish","type":"product","link":"https:\/\/megacase.com\/de\/produkt\/inlay-shure-slxd-4-4\/","title":{"rendered":"Inlay Shure SLXD 4\/4"},"content":{"rendered":"<p>gefr\u00e4stes Schaumstoffinlay<br \/>\npassend f\u00fcr 2HE Rackschubladen mit Vollauszug oder in Inlay System Koffer,<br \/>\nf\u00fcr 4 Shure Hand\/Taschensender SLXD1 mit SM58\/86 \/ Beta58\/87 Kapsel,<br \/>\nzweifarbiger Schaumstoff schwarz\/rot,<br \/>\nZubeh\u00f6rfach,<br \/>\nAusfr\u00e4sung f\u00fcr Ersatzbatterien,<br \/>\nhergestellt in Deutschland,<br \/>\nMa\u00dfe: 400x370x60 mm<\/p>\n","protected":false},"excerpt":{"rendered":"<p>gefr\u00e4stes Schaumstoffinlay passend f\u00fcr 2HE Rackschubladen mit Vollauszug oder in Inlay System Koffer, f\u00fcr 4 Shure Hand\/Taschensender SLXD1 mit SM58\/86<\/p>\n","protected":false},"featured_media":198893,"template":"","meta":{"_acf_changed":false},"product_brand":[],"product_cat":[13579],"product_tag":[],"class_list":{"0":"post-194267","1":"product","2":"type-product","3":"status-publish","4":"has-post-thumbnail","6":"product_cat-audio-cases","8":"first","9":"instock","10":"taxable","11":"shipping-taxable","12":"purchasable","13":"product-type-simple"},"acf":[],"_links":{"self":[{"href":"https:\/\/megacase.com\/de\/wp-json\/wp\/v2\/product\/194267","targetHints":{"allow":["GET"]}}],"collection":[{"href":"https:\/\/megacase.com\/de\/wp-json\/wp\/v2\/product"}],"about":[{"href":"https:\/\/megacase.com\/de\/wp-json\/wp\/v2\/types\/product"}],"wp:featuredmedia":[{"embeddable":true,"href":"https:\/\/megacase.com\/de\/wp-json\/wp\/v2\/media\/198893"}],"wp:attachment":[{"href":"https:\/\/megacase.com\/de\/wp-json\/wp\/v2\/media?parent=194267"}],"wp:term":[{"taxonomy":"product_brand","embeddable":true,"href":"https:\/\/megacase.com\/de\/wp-json\/wp\/v2\/product_brand?post=194267"},{"taxonomy":"product_cat","embeddable":true,"href":"https:\/\/megacase.com\/de\/wp-json\/wp\/v2\/product_cat?post=194267"},{"taxonomy":"product_tag","embeddable":true,"href":"https:\/\/megacase.com\/de\/wp-json\/wp\/v2\/product_tag?post=194267"}],"curies":[{"name":"wp","href":"https:\/\/api.w.org\/{rel}","templated":true}]}}