{"id":194093,"date":"2020-12-11T06:59:55","date_gmt":"2020-12-11T05:59:55","guid":{"rendered":"https:\/\/megacase.com\/?post_type=product&#038;p=194093"},"modified":"2026-03-25T16:10:38","modified_gmt":"2026-03-25T15:10:38","slug":"flightcase-fender-mustang-gtx100","status":"publish","type":"product","link":"https:\/\/megacase.com\/de\/produkt\/flightcase-fender-mustang-gtx100\/","title":{"rendered":"Flightcase Fender Mustang GTX100"},"content":{"rendered":"<p>passendes Haubencase f\u00fcr Fender Mustang GTX100 inkl. Platz f\u00fcr Fu\u00dfpedal,<br \/>\naus 6,8mm Birkenmultiplex phenol beschichtet,<br \/>\nFarbe: braun,<br \/>\n30 x 30mm Alukante,<br \/>\n2 Klappgriffe mittel,<br \/>\n2 gro\u00dfe Butterfly-Verschl\u00fcsse,<br \/>\n8 Kugelecken mittel,<br \/>\nSchaumstoffpolsterung,<br \/>\ninkl. Fach f\u00fcr Fu\u00dfpedal im Unterteil,<br \/>\nhergestellt in Deutschland,<br \/>\nAu\u00dfenma\u00dfe BxTxH ca.: 585 x 305 x 585 mm<br \/>\nGewicht ca. 9,8 kg<\/p>\n","protected":false},"excerpt":{"rendered":"<p>passendes Haubencase f\u00fcr Fender Mustang GTX100 inkl. Platz f\u00fcr Fu\u00dfpedal, aus 6,8mm Birkenmultiplex phenol beschichtet, Farbe: braun, 30 x 30mm<\/p>\n","protected":false},"featured_media":198901,"template":"","meta":{"_acf_changed":false},"product_brand":[],"product_cat":[13499],"product_tag":[],"class_list":{"0":"post-194093","1":"product","2":"type-product","3":"status-publish","4":"has-post-thumbnail","6":"product_cat-amp-cases","8":"first","9":"instock","10":"taxable","11":"shipping-taxable","12":"purchasable","13":"product-type-simple"},"acf":[],"_links":{"self":[{"href":"https:\/\/megacase.com\/de\/wp-json\/wp\/v2\/product\/194093","targetHints":{"allow":["GET"]}}],"collection":[{"href":"https:\/\/megacase.com\/de\/wp-json\/wp\/v2\/product"}],"about":[{"href":"https:\/\/megacase.com\/de\/wp-json\/wp\/v2\/types\/product"}],"wp:featuredmedia":[{"embeddable":true,"href":"https:\/\/megacase.com\/de\/wp-json\/wp\/v2\/media\/198901"}],"wp:attachment":[{"href":"https:\/\/megacase.com\/de\/wp-json\/wp\/v2\/media?parent=194093"}],"wp:term":[{"taxonomy":"product_brand","embeddable":true,"href":"https:\/\/megacase.com\/de\/wp-json\/wp\/v2\/product_brand?post=194093"},{"taxonomy":"product_cat","embeddable":true,"href":"https:\/\/megacase.com\/de\/wp-json\/wp\/v2\/product_cat?post=194093"},{"taxonomy":"product_tag","embeddable":true,"href":"https:\/\/megacase.com\/de\/wp-json\/wp\/v2\/product_tag?post=194093"}],"curies":[{"name":"wp","href":"https:\/\/api.w.org\/{rel}","templated":true}]}}