{"id":193985,"date":"2020-12-10T13:10:30","date_gmt":"2020-12-10T12:10:30","guid":{"rendered":"https:\/\/megacase.com\/?post_type=product&#038;p=193985"},"modified":"2026-04-08T15:39:27","modified_gmt":"2026-04-08T13:39:27","slug":"whiskey-flightcase","status":"publish","type":"product","link":"https:\/\/megacase.com\/de\/produkt\/whiskey-flightcase\/","title":{"rendered":"Whiskey Flightcase"},"content":{"rendered":"<p>Ein origineller Koffer f\u00fcr Liebhaber von Tennessee Whiskey f\u00fcr unterwegs.<br \/>\nOb als Gastgeschenk oder Einsatzkoffer f\u00fcr Auftritte, ziehen sie mit diesem Case die Aufmerksamkeit<br \/>\nmit Sicherheit auf sich.<br \/>\nDas Schaumstoff Inlay ist vorbereitet f\u00fcr eine 0,7 l Flasche Jack Daniel`s und zwei 0,5l Flaschen Cola (<br \/>\ndiese sind nicht im Lieferumfang enthalten)<br \/>\nDie zwei Whiskeygl\u00e4ser sind Bestandteil der Lieferung.<br \/>\n6,5 mm Pappelmultiplex Schwarz<br \/>\n1 eleganter Koffergriff verchromt<br \/>\n2 Gl\u00e4ser<br \/>\n2 hochwertige Clipschl\u00f6sser<br \/>\n2 Feststellscharniere<br \/>\npassgenau gefr\u00e4stes Inlay<br \/>\nStahlkugelecken<br \/>\nHersgestellt in Deutschland<br \/>\nAu\u00dfenma\u00dfe BxHxT<br \/>\n47,5&#215;12,5&#215;34,5cm<\/p>\n<p>Hinweis: Die Flasche Jack Daniel&#8217;s und die Cola Flaschen sind nicht im Lieferumfang enthalten.<br \/>\nIm Lieferumfang sind 2 Whiskeygl\u00e4ser enthalten.<br \/>\nEine unternehmerische Beziehung zu JACK DANIEL\u00b4S besteht nicht und das Case unterliegt<br \/>\nkeiner Produktverantwortung seitens JACK DANIEL\u00b4S.<\/p>\n<p>&nbsp;<\/p>\n","protected":false},"excerpt":{"rendered":"<p>Ein origineller Koffer f\u00fcr Liebhaber von Tennessee Whiskey f\u00fcr unterwegs. Ob als Gastgeschenk oder Einsatzkoffer f\u00fcr Auftritte, ziehen sie mit<\/p>\n","protected":false},"featured_media":270644,"template":"","meta":{"_acf_changed":false},"product_brand":[],"product_cat":[15370],"product_tag":[16443],"class_list":{"0":"post-193985","1":"product","2":"type-product","3":"status-publish","4":"has-post-thumbnail","6":"product_cat-fun-cases","7":"product_tag-blackfriday-fr-2","9":"first","10":"instock","11":"taxable","12":"shipping-taxable","13":"purchasable","14":"product-type-simple"},"acf":[],"_links":{"self":[{"href":"https:\/\/megacase.com\/de\/wp-json\/wp\/v2\/product\/193985","targetHints":{"allow":["GET"]}}],"collection":[{"href":"https:\/\/megacase.com\/de\/wp-json\/wp\/v2\/product"}],"about":[{"href":"https:\/\/megacase.com\/de\/wp-json\/wp\/v2\/types\/product"}],"wp:featuredmedia":[{"embeddable":true,"href":"https:\/\/megacase.com\/de\/wp-json\/wp\/v2\/media\/270644"}],"wp:attachment":[{"href":"https:\/\/megacase.com\/de\/wp-json\/wp\/v2\/media?parent=193985"}],"wp:term":[{"taxonomy":"product_brand","embeddable":true,"href":"https:\/\/megacase.com\/de\/wp-json\/wp\/v2\/product_brand?post=193985"},{"taxonomy":"product_cat","embeddable":true,"href":"https:\/\/megacase.com\/de\/wp-json\/wp\/v2\/product_cat?post=193985"},{"taxonomy":"product_tag","embeddable":true,"href":"https:\/\/megacase.com\/de\/wp-json\/wp\/v2\/product_tag?post=193985"}],"curies":[{"name":"wp","href":"https:\/\/api.w.org\/{rel}","templated":true}]}}