{"id":193897,"date":"2020-12-10T12:42:30","date_gmt":"2020-12-10T11:42:30","guid":{"rendered":"https:\/\/megacase.com\/?post_type=product&#038;p=193897"},"modified":"2026-03-25T16:10:39","modified_gmt":"2026-03-25T15:10:39","slug":"mega-bottle-carrier","status":"publish","type":"product","link":"https:\/\/megacase.com\/de\/produkt\/mega-bottle-carrier\/","title":{"rendered":"Mega Bottle Carrier"},"content":{"rendered":"<p>passender Flaschentr\u00e4ger f\u00fcr sechs 0,5 Liter Flaschen, Durchmesser 70mm,<br \/>\ndurch einfaches zusammenstecken der Einzelteile wird kein Werkzeug f\u00fcr den Aufbau ben\u00f6tigt,<br \/>\naus 9 mm Birkenmultiplex phenolharz beschichtet, Farbe: braun, Au\u00dfenma\u00dfe BxTxH ca.: 272 x 190 x 336 mm<br \/>\nGewicht ca.: 1,2kg<\/p>\n","protected":false},"excerpt":{"rendered":"<p>passender Flaschentr\u00e4ger f\u00fcr sechs 0,5 Liter Flaschen, Durchmesser 70mm, durch einfaches zusammenstecken der Einzelteile wird kein Werkzeug f\u00fcr den Aufbau<\/p>\n","protected":false},"featured_media":198909,"template":"","meta":{"_acf_changed":false},"product_brand":[],"product_cat":[15370],"product_tag":[],"class_list":{"0":"post-193897","1":"product","2":"type-product","3":"status-publish","4":"has-post-thumbnail","6":"product_cat-fun-cases","8":"first","9":"instock","10":"taxable","11":"shipping-taxable","12":"purchasable","13":"product-type-simple"},"acf":[],"_links":{"self":[{"href":"https:\/\/megacase.com\/de\/wp-json\/wp\/v2\/product\/193897","targetHints":{"allow":["GET"]}}],"collection":[{"href":"https:\/\/megacase.com\/de\/wp-json\/wp\/v2\/product"}],"about":[{"href":"https:\/\/megacase.com\/de\/wp-json\/wp\/v2\/types\/product"}],"wp:featuredmedia":[{"embeddable":true,"href":"https:\/\/megacase.com\/de\/wp-json\/wp\/v2\/media\/198909"}],"wp:attachment":[{"href":"https:\/\/megacase.com\/de\/wp-json\/wp\/v2\/media?parent=193897"}],"wp:term":[{"taxonomy":"product_brand","embeddable":true,"href":"https:\/\/megacase.com\/de\/wp-json\/wp\/v2\/product_brand?post=193897"},{"taxonomy":"product_cat","embeddable":true,"href":"https:\/\/megacase.com\/de\/wp-json\/wp\/v2\/product_cat?post=193897"},{"taxonomy":"product_tag","embeddable":true,"href":"https:\/\/megacase.com\/de\/wp-json\/wp\/v2\/product_tag?post=193897"}],"curies":[{"name":"wp","href":"https:\/\/api.w.org\/{rel}","templated":true}]}}