{"id":193724,"date":"2020-12-09T15:12:55","date_gmt":"2020-12-09T14:12:55","guid":{"rendered":"https:\/\/megacase.com\/?post_type=product&#038;p=193724"},"modified":"2026-03-25T16:10:41","modified_gmt":"2026-03-25T15:10:41","slug":"zubehoercase-80x40x40-col","status":"publish","type":"product","link":"https:\/\/megacase.com\/de\/produkt\/zubehoercase-80x40x40-col\/","title":{"rendered":"Zubeh\u00f6rcase 80x40x40 COL"},"content":{"rendered":"<p>Zubeh\u00f6rtruhe mit den Innenma\u00dfen von 800 x 400 x 400 mm<br \/>\n6,8 mm Birkenmultiplex beschichtet<br \/>\nFarbe:<a href=\"https:\/\/megacase.com\/de\/farben-beschichtungen\/\"> frei w\u00e4hlbar<\/a><br \/>\n30x30mm Alukante,<br \/>\n2 gefederte Butterfly Verschl\u00fcsse<br \/>\n4 Klappgriffe mittel<br \/>\n4 Stahlkugelecken mittel<br \/>\n4 Stahlkugelecken stapelbar unten<br \/>\nFeststellscharniere.<br \/>\nMade in Germany<br \/>\nAu\u00dfenma\u00dfe BxTxH ca.: BxTxH 845 x 440 x 440 mm<br \/>\nGewicht ca.: 11,8 kg<br \/>\nEin optionales Trennwandset ist unter Artikelnummer <a href=\"https:\/\/megacase.com\/de\/produkt\/trennwandset-40x40\/\">251870 erh\u00e4ltlich<\/a>.<\/p>\n<p>Bei einer Bestellung bitte die gew\u00fcnschte Farbe im Kommentarfeld angeben<\/p>\n","protected":false},"excerpt":{"rendered":"<p>Zubeh\u00f6rtruhe mit den Innenma\u00dfen von 800 x 400 x 400 mm 6,8 mm Birkenmultiplex beschichtet Farbe: frei w\u00e4hlbar 30x30mm Alukante,<\/p>\n","protected":false},"featured_media":193749,"template":"","meta":{"_acf_changed":false},"product_brand":[],"product_cat":[13509],"product_tag":[],"class_list":{"0":"post-193724","1":"product","2":"type-product","3":"status-publish","4":"has-post-thumbnail","6":"product_cat-truhen-cases","8":"first","9":"instock","10":"taxable","11":"shipping-taxable","12":"purchasable","13":"product-type-simple"},"acf":[],"_links":{"self":[{"href":"https:\/\/megacase.com\/de\/wp-json\/wp\/v2\/product\/193724","targetHints":{"allow":["GET"]}}],"collection":[{"href":"https:\/\/megacase.com\/de\/wp-json\/wp\/v2\/product"}],"about":[{"href":"https:\/\/megacase.com\/de\/wp-json\/wp\/v2\/types\/product"}],"wp:featuredmedia":[{"embeddable":true,"href":"https:\/\/megacase.com\/de\/wp-json\/wp\/v2\/media\/193749"}],"wp:attachment":[{"href":"https:\/\/megacase.com\/de\/wp-json\/wp\/v2\/media?parent=193724"}],"wp:term":[{"taxonomy":"product_brand","embeddable":true,"href":"https:\/\/megacase.com\/de\/wp-json\/wp\/v2\/product_brand?post=193724"},{"taxonomy":"product_cat","embeddable":true,"href":"https:\/\/megacase.com\/de\/wp-json\/wp\/v2\/product_cat?post=193724"},{"taxonomy":"product_tag","embeddable":true,"href":"https:\/\/megacase.com\/de\/wp-json\/wp\/v2\/product_tag?post=193724"}],"curies":[{"name":"wp","href":"https:\/\/api.w.org\/{rel}","templated":true}]}}