{"id":192367,"date":"2020-12-08T10:07:40","date_gmt":"2020-12-08T09:07:40","guid":{"rendered":"https:\/\/megacase.com\/?post_type=product&#038;p=192367"},"modified":"2026-03-25T16:10:51","modified_gmt":"2026-03-25T15:10:51","slug":"case-roland-vr-50hd-mk-ii","status":"publish","type":"product","link":"https:\/\/megacase.com\/de\/produkt\/case-roland-vr-50hd-mk-ii\/","title":{"rendered":"Case Roland VR-50HD MK II"},"content":{"rendered":"<p>passendes Haubencase f\u00fcr ein Roland VR-50HD MKII Multi Format AV Mischer<br \/>\ninkl. 10cm Platz f\u00fcr Kabel dahinter. Alle Asnchl\u00fcsse sind frei.<br \/>\nSomit kann der Mischer im Case bedient werden.<br \/>\n6,8mm Birkenmultiplex beschichtet<br \/>\nFarbe:<a href=\"https:\/\/megacase.com\/de\/farben-beschichtungen\/\"> frei w\u00e4hlbar<\/a><br \/>\n30 x 30 mm Alukante<br \/>\n2 Butterfly-Verschl\u00fcsse mittel<br \/>\n1 Klappgriff mittel<br \/>\n8 Kugelecken mittel<br \/>\n4 Gummif\u00fc\u00dfe 38 x 20 mm<br \/>\nSchaumstoffpolsterung<br \/>\nKabelkanal hinten 10cm tief<br \/>\nhergestellt in Deutschland<br \/>\nAu\u00dfenma\u00dfe BxTxH ca.: 510 x 460 x 245 mm<br \/>\nGewich ca.: 7,3kg<\/p>\n<p>Bei einer Bestellung bitte die gew\u00fcnschte Farbe im Kommentarfeld angeben<\/p>\n","protected":false},"excerpt":{"rendered":"<p>passendes Haubencase f\u00fcr ein Roland VR-50HD MKII Multi Format AV Mischer inkl. 10cm Platz f\u00fcr Kabel dahinter. Alle Asnchl\u00fcsse sind<\/p>\n","protected":false},"featured_media":192388,"template":"","meta":{"_acf_changed":false},"product_brand":[],"product_cat":[13495],"product_tag":[],"class_list":{"0":"post-192367","1":"product","2":"type-product","3":"status-publish","4":"has-post-thumbnail","6":"product_cat-mischpult-cases","8":"first","9":"instock","10":"taxable","11":"shipping-taxable","12":"purchasable","13":"product-type-simple"},"acf":[],"_links":{"self":[{"href":"https:\/\/megacase.com\/de\/wp-json\/wp\/v2\/product\/192367","targetHints":{"allow":["GET"]}}],"collection":[{"href":"https:\/\/megacase.com\/de\/wp-json\/wp\/v2\/product"}],"about":[{"href":"https:\/\/megacase.com\/de\/wp-json\/wp\/v2\/types\/product"}],"wp:featuredmedia":[{"embeddable":true,"href":"https:\/\/megacase.com\/de\/wp-json\/wp\/v2\/media\/192388"}],"wp:attachment":[{"href":"https:\/\/megacase.com\/de\/wp-json\/wp\/v2\/media?parent=192367"}],"wp:term":[{"taxonomy":"product_brand","embeddable":true,"href":"https:\/\/megacase.com\/de\/wp-json\/wp\/v2\/product_brand?post=192367"},{"taxonomy":"product_cat","embeddable":true,"href":"https:\/\/megacase.com\/de\/wp-json\/wp\/v2\/product_cat?post=192367"},{"taxonomy":"product_tag","embeddable":true,"href":"https:\/\/megacase.com\/de\/wp-json\/wp\/v2\/product_tag?post=192367"}],"curies":[{"name":"wp","href":"https:\/\/api.w.org\/{rel}","templated":true}]}}