{"id":192129,"date":"2020-12-08T09:38:39","date_gmt":"2020-12-08T08:38:39","guid":{"rendered":"https:\/\/megacase.com\/?post_type=product&#038;p=192129"},"modified":"2026-03-25T16:10:52","modified_gmt":"2026-03-25T15:10:52","slug":"flip-down-case-digico-sd9","status":"publish","type":"product","link":"https:\/\/megacase.com\/de\/produkt\/flip-down-case-digico-sd9\/","title":{"rendered":"Flip-Down Case DigiCo SD9"},"content":{"rendered":"<p>Heavy Flip Case schwarz auf Rollen (2 gebremst) mit Seitenwangen-Einfassungen f\u00fcr ein DigiCo SD9;<br \/>\nDas Mischpult kann f\u00fcr den Transport u. Event im Case bleiben.<br \/>\naus 9 mm Birkenmultiplex beschichtet,<br \/>\n<a href=\"https:\/\/megacase.com\/de\/farben-beschichtungen\/\">Farbe: frei w\u00e4hlbar<\/a><br \/>\n35&#215;35 mm Alukante,<br \/>\n4 Butterfly Verschl\u00fcsse gro\u00df<br \/>\n8 Klappgriff gro\u00df,<br \/>\n12 L-Ecken gro\u00df<br \/>\n2 Kanteneinbaugriffe<br \/>\n8 Kugelecke gro\u00df<br \/>\n1 Einbauschale Tourlabel<br \/>\n3 Scharnier schwer 80&#215;120 mm<br \/>\n2 Riegelverschluss (Frontf\u00e4cher)<br \/>\n4 Anschraubscharnier silber<br \/>\n4 Lenkrollen 100 mm davon sind 2 gebremst<br \/>\n1 Rollbrett<br \/>\nSchaumstoffpolsterung<br \/>\ngefilzte Leisten<br \/>\n2 Seitenwangen passend f\u00fcr DigiCo SD9<br \/>\nSicherungsschraube<br \/>\n2 Kabeldurchlasse im Dockhouse<br \/>\n4 Fr\u00e4sungen f\u00fcr Kabeldurchl\u00e4sse<br \/>\n2 Gasdruckfedern<br \/>\n4 Dockhouseverschl\u00fcsse davon ist einer abschlie\u00dfbar<br \/>\nAu\u00dfenma\u00dfe BxTxH 1105x545x1198 mm<br \/>\nGewicht: 100,6 kg<br \/>\nhergestellt in Deutschland,<\/p>\n<p>Bei einer Bestellung bitte die gew\u00fcnschte Farbe im Kommentarfeld angeben<\/p>\n","protected":false},"excerpt":{"rendered":"<p>Heavy Flip Case schwarz auf Rollen (2 gebremst) mit Seitenwangen-Einfassungen f\u00fcr ein DigiCo SD9; Das Mischpult kann f\u00fcr den Transport<\/p>\n","protected":false},"featured_media":268656,"template":"","meta":{"_acf_changed":false},"product_brand":[],"product_cat":[13495],"product_tag":[],"class_list":{"0":"post-192129","1":"product","2":"type-product","3":"status-publish","4":"has-post-thumbnail","6":"product_cat-mischpult-cases","8":"first","9":"instock","10":"taxable","11":"shipping-taxable","12":"purchasable","13":"product-type-simple"},"acf":[],"_links":{"self":[{"href":"https:\/\/megacase.com\/de\/wp-json\/wp\/v2\/product\/192129","targetHints":{"allow":["GET"]}}],"collection":[{"href":"https:\/\/megacase.com\/de\/wp-json\/wp\/v2\/product"}],"about":[{"href":"https:\/\/megacase.com\/de\/wp-json\/wp\/v2\/types\/product"}],"wp:featuredmedia":[{"embeddable":true,"href":"https:\/\/megacase.com\/de\/wp-json\/wp\/v2\/media\/268656"}],"wp:attachment":[{"href":"https:\/\/megacase.com\/de\/wp-json\/wp\/v2\/media?parent=192129"}],"wp:term":[{"taxonomy":"product_brand","embeddable":true,"href":"https:\/\/megacase.com\/de\/wp-json\/wp\/v2\/product_brand?post=192129"},{"taxonomy":"product_cat","embeddable":true,"href":"https:\/\/megacase.com\/de\/wp-json\/wp\/v2\/product_cat?post=192129"},{"taxonomy":"product_tag","embeddable":true,"href":"https:\/\/megacase.com\/de\/wp-json\/wp\/v2\/product_tag?post=192129"}],"curies":[{"name":"wp","href":"https:\/\/api.w.org\/{rel}","templated":true}]}}