{"id":191944,"date":"2020-12-08T08:54:21","date_gmt":"2020-12-08T07:54:21","guid":{"rendered":"https:\/\/megacase.com\/?post_type=product&#038;p=191944"},"modified":"2026-03-25T16:10:53","modified_gmt":"2026-03-25T15:10:53","slug":"table-casedesign-680-x-580-x-260","status":"publish","type":"product","link":"https:\/\/megacase.com\/de\/produkt\/table-casedesign-680-x-580-x-260\/","title":{"rendered":"Table &#8220; Casedesign&#8220; 680 x 580 x 260"},"content":{"rendered":"<p>Couchtisch im Casedesign mit \u00d6ffnung f\u00fcr Ablage 680 x 580 x 260 mm<br \/>\n9 mm Birke beschichtet<br \/>\nFarbe: <a href=\"https:\/\/megacase.com\/de\/farben-beschichtungen\/\">frei w\u00e4hlbar<\/a><br \/>\n30\/30 Alukante<br \/>\n8 Kugelecken mittel<br \/>\n4 Gummif\u00fc\u00dfe 38 x 20<br \/>\n2 Klappgriffe mittel<br \/>\nhergestellt in Deutschland<br \/>\nAu\u00dfenma\u00dfe BxTxH ca.: 605 x 705 x 280 mm<br \/>\nGewicht ca.: 10,8 kg<\/p>\n<p>Bei einer Bestellung bitte die gew\u00fcnschte Farbe im Kommentarfeld angeben<\/p>\n","protected":false},"excerpt":{"rendered":"<p>Couchtisch im Casedesign mit \u00d6ffnung f\u00fcr Ablage 680 x 580 x 260 mm 9 mm Birke beschichtet Farbe: frei w\u00e4hlbar<\/p>\n","protected":false},"featured_media":191989,"template":"","meta":{"_acf_changed":false},"product_brand":[],"product_cat":[15014],"product_tag":[],"class_list":{"0":"post-191944","1":"product","2":"type-product","3":"status-publish","4":"has-post-thumbnail","6":"product_cat-casemoebel","8":"first","9":"instock","10":"taxable","11":"shipping-taxable","12":"purchasable","13":"product-type-simple"},"acf":[],"_links":{"self":[{"href":"https:\/\/megacase.com\/de\/wp-json\/wp\/v2\/product\/191944","targetHints":{"allow":["GET"]}}],"collection":[{"href":"https:\/\/megacase.com\/de\/wp-json\/wp\/v2\/product"}],"about":[{"href":"https:\/\/megacase.com\/de\/wp-json\/wp\/v2\/types\/product"}],"wp:featuredmedia":[{"embeddable":true,"href":"https:\/\/megacase.com\/de\/wp-json\/wp\/v2\/media\/191989"}],"wp:attachment":[{"href":"https:\/\/megacase.com\/de\/wp-json\/wp\/v2\/media?parent=191944"}],"wp:term":[{"taxonomy":"product_brand","embeddable":true,"href":"https:\/\/megacase.com\/de\/wp-json\/wp\/v2\/product_brand?post=191944"},{"taxonomy":"product_cat","embeddable":true,"href":"https:\/\/megacase.com\/de\/wp-json\/wp\/v2\/product_cat?post=191944"},{"taxonomy":"product_tag","embeddable":true,"href":"https:\/\/megacase.com\/de\/wp-json\/wp\/v2\/product_tag?post=191944"}],"curies":[{"name":"wp","href":"https:\/\/api.w.org\/{rel}","templated":true}]}}