{"id":191341,"date":"2020-12-03T15:37:21","date_gmt":"2020-12-03T14:37:21","guid":{"rendered":"https:\/\/megacase.com\/?post_type=product&#038;p=191341"},"modified":"2026-03-25T16:01:49","modified_gmt":"2026-03-25T15:01:49","slug":"case-adams-bdv-28-18-concert-bass-wheel","status":"publish","type":"product","link":"https:\/\/megacase.com\/de\/produkt\/case-adams-bdv-28-18-concert-bass-wheel\/","title":{"rendered":"Case Adams BDV 28\/18 Concert Bass + wheel"},"content":{"rendered":"<p>In diese Transportbox k\u00f6nnen Sie die Adams Concert Bass Drum komplett mit St\u00e4nderwagen einfahren.<br \/>\nSeitliche F\u00fchrungen verhindern ein verrutschen der Trommel.<br \/>\nZus\u00e4tzlich kann noch mit einem mitgelieferten Spanngurt verzurrt werden.<br \/>\nDer Deckel kann seitlich an der Box eingeh\u00e4ngt werden.<br \/>\n9 mm Birken Multiplex Holz<br \/>\nFarbe Phenolharz beschichtet<br \/>\n30&#215;30 mm Alukante<br \/>\n4 Butterfly Verschl\u00fcsse<br \/>\n8 Kugelecke aus Stahl<br \/>\n10 Klappgriffe<br \/>\n2 Deckelhalter + Aufnahmen<br \/>\n2 Befestigungslasche f. Spanngurt<br \/>\n1 Spanngurt<br \/>\n4 Lenkrollen 100 mm davon sind 2 gebremst<br \/>\nSchaumstoffpolterung<br \/>\nHolzf\u00fchrungen<br \/>\nZu 100 % in Deutschland geplant und produziert.<br \/>\nAu\u00dfenma\u00dfe BxTxH ca.: 895 x 1075 x 1405 mm<br \/>\nGewicht ca.: 65,1 kg<\/p>\n","protected":false},"excerpt":{"rendered":"<p>In diese Transportbox k\u00f6nnen Sie die Adams Concert Bass Drum komplett mit St\u00e4nderwagen einfahren. Seitliche F\u00fchrungen verhindern ein verrutschen der<\/p>\n","protected":false},"featured_media":191370,"template":"","meta":{"_acf_changed":false},"product_brand":[],"product_cat":[15113],"product_tag":[],"class_list":{"0":"post-191341","1":"product","2":"type-product","3":"status-publish","4":"has-post-thumbnail","6":"product_cat-orchester-cases","8":"first","9":"instock","10":"taxable","11":"shipping-taxable","12":"purchasable","13":"product-type-simple"},"acf":[],"_links":{"self":[{"href":"https:\/\/megacase.com\/de\/wp-json\/wp\/v2\/product\/191341","targetHints":{"allow":["GET"]}}],"collection":[{"href":"https:\/\/megacase.com\/de\/wp-json\/wp\/v2\/product"}],"about":[{"href":"https:\/\/megacase.com\/de\/wp-json\/wp\/v2\/types\/product"}],"wp:featuredmedia":[{"embeddable":true,"href":"https:\/\/megacase.com\/de\/wp-json\/wp\/v2\/media\/191370"}],"wp:attachment":[{"href":"https:\/\/megacase.com\/de\/wp-json\/wp\/v2\/media?parent=191341"}],"wp:term":[{"taxonomy":"product_brand","embeddable":true,"href":"https:\/\/megacase.com\/de\/wp-json\/wp\/v2\/product_brand?post=191341"},{"taxonomy":"product_cat","embeddable":true,"href":"https:\/\/megacase.com\/de\/wp-json\/wp\/v2\/product_cat?post=191341"},{"taxonomy":"product_tag","embeddable":true,"href":"https:\/\/megacase.com\/de\/wp-json\/wp\/v2\/product_tag?post=191341"}],"curies":[{"name":"wp","href":"https:\/\/api.w.org\/{rel}","templated":true}]}}