{"id":191079,"date":"2020-12-02T13:37:50","date_gmt":"2020-12-02T12:37:50","guid":{"rendered":"https:\/\/megacase.com\/?post_type=product&#038;p=191079"},"modified":"2026-03-25T16:01:51","modified_gmt":"2026-03-25T15:01:51","slug":"flightcase-led-par-64","status":"publish","type":"product","link":"https:\/\/megacase.com\/de\/produkt\/flightcase-led-par-64\/","title":{"rendered":"Flightcase LED PAR 64"},"content":{"rendered":"<p>passendes Truhencase f\u00fcr 4 PAR 64 LED Scheinwerfer,<br \/>\nFachgr\u00f6\u00dfe: 28 x 28 x 48 cm,<br \/>\nDeckel und Boden mit Schaumstoffpolsterung<br \/>\nAus 6,5 mm Birkenmultiplex<br \/>\nFarbe Phenolharz beschichtet braun<br \/>\n25&#215;25 mm Alukante,<br \/>\n2x Butterfly Verschl\u00fcsse<br \/>\n4 Klappgriffe mittel,<br \/>\n2 Festsellscharniere,<br \/>\n4 Stahlkugelecken mittel,<br \/>\n4 Stahlkugelecken mittel unten &#8222;stapelbar&#8220;<br \/>\nKreuzfach<br \/>\nSchaumstoffpolsterung,<br \/>\nAu\u00dfenma\u00dfe BxTxH 605x605x575 mm<br \/>\nGewicht: 18,3 kg<br \/>\nhergestellt in Deutschland<\/p>\n","protected":false},"excerpt":{"rendered":"<p>passendes Truhencase f\u00fcr 4 PAR 64 LED Scheinwerfer, Fachgr\u00f6\u00dfe: 28 x 28 x 48 cm, Deckel und Boden mit Schaumstoffpolsterung<\/p>\n","protected":false},"featured_media":191127,"template":"","meta":{"_acf_changed":false},"product_brand":[],"product_cat":[13627],"product_tag":[],"class_list":{"0":"post-191079","1":"product","2":"type-product","3":"status-publish","4":"has-post-thumbnail","6":"product_cat-lichtcases","8":"first","9":"instock","10":"taxable","11":"shipping-taxable","12":"purchasable","13":"product-type-simple"},"acf":[],"_links":{"self":[{"href":"https:\/\/megacase.com\/de\/wp-json\/wp\/v2\/product\/191079","targetHints":{"allow":["GET"]}}],"collection":[{"href":"https:\/\/megacase.com\/de\/wp-json\/wp\/v2\/product"}],"about":[{"href":"https:\/\/megacase.com\/de\/wp-json\/wp\/v2\/types\/product"}],"wp:featuredmedia":[{"embeddable":true,"href":"https:\/\/megacase.com\/de\/wp-json\/wp\/v2\/media\/191127"}],"wp:attachment":[{"href":"https:\/\/megacase.com\/de\/wp-json\/wp\/v2\/media?parent=191079"}],"wp:term":[{"taxonomy":"product_brand","embeddable":true,"href":"https:\/\/megacase.com\/de\/wp-json\/wp\/v2\/product_brand?post=191079"},{"taxonomy":"product_cat","embeddable":true,"href":"https:\/\/megacase.com\/de\/wp-json\/wp\/v2\/product_cat?post=191079"},{"taxonomy":"product_tag","embeddable":true,"href":"https:\/\/megacase.com\/de\/wp-json\/wp\/v2\/product_tag?post=191079"}],"curies":[{"name":"wp","href":"https:\/\/api.w.org\/{rel}","templated":true}]}}