{"id":189858,"date":"2020-11-24T14:38:36","date_gmt":"2020-11-24T13:38:36","guid":{"rendered":"https:\/\/megacase.com\/?post_type=product&#038;p=189858"},"modified":"2026-03-25T16:01:56","modified_gmt":"2026-03-25T15:01:56","slug":"zubehoercase-100x40x40-sst","status":"publish","type":"product","link":"https:\/\/megacase.com\/de\/produkt\/zubehoercase-100x40x40-sst\/","title":{"rendered":"Zubeh\u00f6rcase 100x40x40 SST"},"content":{"rendered":"<p>Zubeh\u00f6r Truhe mit den Innenma\u00dfen von 980 x 380 x 360 mm<br \/>\n6,5 mm Birkenmultiplex phenolharz beschichtet<br \/>\nFarbe: braun<br \/>\n30&#215;30 mm Alukante,<br \/>\n2 gefederte Butterfly Verschl\u00fcsse<br \/>\n4 Klappgriffe<br \/>\n4 Stahlkugelecken<br \/>\n4 Stahlkugelecken stapelbar unten<br \/>\nFeststellscharniere.<br \/>\n10 mm Schaumstoffpolsterung<br \/>\nInnenma\u00df BxTxH : 980 x 380 x 360 mm<br \/>\nAu\u00dfenma\u00df BxTxH 1042 x 438 x 440 mm<br \/>\nGewicht 14,8 kg<br \/>\nhergestellt in Deutschland<\/p>\n","protected":false},"excerpt":{"rendered":"<p>Zubeh\u00f6r Truhe mit den Innenma\u00dfen von 980 x 380 x 360 mm 6,5 mm Birkenmultiplex phenolharz beschichtet Farbe: braun 30&#215;30<\/p>\n","protected":false},"featured_media":189879,"template":"","meta":{"_acf_changed":false},"product_brand":[],"product_cat":[13509],"product_tag":[],"class_list":{"0":"post-189858","1":"product","2":"type-product","3":"status-publish","4":"has-post-thumbnail","6":"product_cat-truhen-cases","8":"first","9":"instock","10":"taxable","11":"shipping-taxable","12":"purchasable","13":"product-type-simple"},"acf":[],"_links":{"self":[{"href":"https:\/\/megacase.com\/de\/wp-json\/wp\/v2\/product\/189858","targetHints":{"allow":["GET"]}}],"collection":[{"href":"https:\/\/megacase.com\/de\/wp-json\/wp\/v2\/product"}],"about":[{"href":"https:\/\/megacase.com\/de\/wp-json\/wp\/v2\/types\/product"}],"wp:featuredmedia":[{"embeddable":true,"href":"https:\/\/megacase.com\/de\/wp-json\/wp\/v2\/media\/189879"}],"wp:attachment":[{"href":"https:\/\/megacase.com\/de\/wp-json\/wp\/v2\/media?parent=189858"}],"wp:term":[{"taxonomy":"product_brand","embeddable":true,"href":"https:\/\/megacase.com\/de\/wp-json\/wp\/v2\/product_brand?post=189858"},{"taxonomy":"product_cat","embeddable":true,"href":"https:\/\/megacase.com\/de\/wp-json\/wp\/v2\/product_cat?post=189858"},{"taxonomy":"product_tag","embeddable":true,"href":"https:\/\/megacase.com\/de\/wp-json\/wp\/v2\/product_tag?post=189858"}],"curies":[{"name":"wp","href":"https:\/\/api.w.org\/{rel}","templated":true}]}}