{"id":189826,"date":"2020-11-24T14:26:58","date_gmt":"2020-11-24T13:26:58","guid":{"rendered":"https:\/\/megacase.com\/?post_type=product&#038;p=189826"},"modified":"2026-03-25T16:01:56","modified_gmt":"2026-03-25T15:01:56","slug":"zubehoercase-140x40x40-rg","status":"publish","type":"product","link":"https:\/\/megacase.com\/de\/produkt\/zubehoercase-140x40x40-rg\/","title":{"rendered":"Zubeh\u00f6rcase 140x40x40 RG"},"content":{"rendered":"<p>Zubeh\u00f6r Truhe auf Rollen mit den Innenma\u00dfen von 1400 x 400 x 400 mm<br \/>\n6,5 mm Birkenmultiplex Phenolharz beschichtet<br \/>\nFarbe: braun<br \/>\n30&#215;30 mm Alukante,<br \/>\n2 gefederte Butterfly Verschl\u00fcsse<br \/>\n4 Klappgriffe<br \/>\n4 Stahlkugelecken<br \/>\n4 Stahlkugelecken mit L-Ecke<br \/>\nFeststellscharniere.<br \/>\n4 100 mm Lenkrolle \/ 2 davon gebremst<br \/>\nInnenma\u00dfe BxTxH: 1400 x 400 x 400 mm<br \/>\nAu\u00dfenma\u00dfe BxTxH ca. 1445x445x445 mm<br \/>\nGewicht ca.: 23,6<br \/>\nHergestellt in Deutschland<\/p>\n<p>passendes Trennwandest unten <a href=\"https:\/\/megacase.com\/de\/produkt\/trennwandset-40x40\/\">251870<\/a> erh\u00e4ltlich<\/p>\n","protected":false},"excerpt":{"rendered":"<p>Zubeh\u00f6r Truhe auf Rollen mit den Innenma\u00dfen von 1400 x 400 x 400 mm 6,5 mm Birkenmultiplex Phenolharz beschichtet Farbe:<\/p>\n","protected":false},"featured_media":189843,"template":"","meta":{"_acf_changed":false},"product_brand":[],"product_cat":[13509],"product_tag":[],"class_list":{"0":"post-189826","1":"product","2":"type-product","3":"status-publish","4":"has-post-thumbnail","6":"product_cat-truhen-cases","8":"first","9":"instock","10":"taxable","11":"shipping-taxable","12":"purchasable","13":"product-type-simple"},"acf":[],"_links":{"self":[{"href":"https:\/\/megacase.com\/de\/wp-json\/wp\/v2\/product\/189826","targetHints":{"allow":["GET"]}}],"collection":[{"href":"https:\/\/megacase.com\/de\/wp-json\/wp\/v2\/product"}],"about":[{"href":"https:\/\/megacase.com\/de\/wp-json\/wp\/v2\/types\/product"}],"wp:featuredmedia":[{"embeddable":true,"href":"https:\/\/megacase.com\/de\/wp-json\/wp\/v2\/media\/189843"}],"wp:attachment":[{"href":"https:\/\/megacase.com\/de\/wp-json\/wp\/v2\/media?parent=189826"}],"wp:term":[{"taxonomy":"product_brand","embeddable":true,"href":"https:\/\/megacase.com\/de\/wp-json\/wp\/v2\/product_brand?post=189826"},{"taxonomy":"product_cat","embeddable":true,"href":"https:\/\/megacase.com\/de\/wp-json\/wp\/v2\/product_cat?post=189826"},{"taxonomy":"product_tag","embeddable":true,"href":"https:\/\/megacase.com\/de\/wp-json\/wp\/v2\/product_tag?post=189826"}],"curies":[{"name":"wp","href":"https:\/\/api.w.org\/{rel}","templated":true}]}}