{"id":189798,"date":"2020-11-24T13:55:24","date_gmt":"2020-11-24T12:55:24","guid":{"rendered":"https:\/\/megacase.com\/?post_type=product&#038;p=189798"},"modified":"2026-03-25T16:01:57","modified_gmt":"2026-03-25T15:01:57","slug":"zubehoercase-140x50x50-rg","status":"publish","type":"product","link":"https:\/\/megacase.com\/de\/produkt\/zubehoercase-140x50x50-rg\/","title":{"rendered":"Zubeh\u00f6rcase 140x50x50 RG"},"content":{"rendered":"<p>Zubeh\u00f6r Truhe auf Rollen mit den Innenma\u00dfen von 1400 x 500 x 500 mm<br \/>\naus 6,5 mm Birkenmultiplex Mehrschichtholz<br \/>\nPhenolharz beschichtet braun<br \/>\n30&#215;30 mm Alukante,<br \/>\n2 gefederte Butterfly Verschl\u00fcsse<br \/>\n4 Klappgriffe<br \/>\n8 Stahlkugelecken<br \/>\nFeststellscharniere.<br \/>\n4x Lenkrollen \/ 2 gebremst<br \/>\nInnenma\u00dfe BxTxH: 1400 x 500 x 500 mm<br \/>\nAu\u00dfenma\u00df BxTxH ca.: 1445 x 535 x 680 mm<br \/>\nGewicht 27,6 kg<br \/>\nHergestellt in Deutschland<\/p>\n<p>optionales Trennwandset unter Artikel <a href=\"https:\/\/megacase.com\/de\/produkt\/trennwandset-50x50\/\">251871<\/a> erh\u00e4ltlich<\/p>\n","protected":false},"excerpt":{"rendered":"<p>Zubeh\u00f6r Truhe auf Rollen mit den Innenma\u00dfen von 1400 x 500 x 500 mm aus 6,5 mm Birkenmultiplex Mehrschichtholz Phenolharz<\/p>\n","protected":false},"featured_media":189811,"template":"","meta":{"_acf_changed":false},"product_brand":[],"product_cat":[13509],"product_tag":[],"class_list":{"0":"post-189798","1":"product","2":"type-product","3":"status-publish","4":"has-post-thumbnail","6":"product_cat-truhen-cases","8":"first","9":"instock","10":"taxable","11":"shipping-taxable","12":"purchasable","13":"product-type-simple"},"acf":[],"_links":{"self":[{"href":"https:\/\/megacase.com\/de\/wp-json\/wp\/v2\/product\/189798","targetHints":{"allow":["GET"]}}],"collection":[{"href":"https:\/\/megacase.com\/de\/wp-json\/wp\/v2\/product"}],"about":[{"href":"https:\/\/megacase.com\/de\/wp-json\/wp\/v2\/types\/product"}],"wp:featuredmedia":[{"embeddable":true,"href":"https:\/\/megacase.com\/de\/wp-json\/wp\/v2\/media\/189811"}],"wp:attachment":[{"href":"https:\/\/megacase.com\/de\/wp-json\/wp\/v2\/media?parent=189798"}],"wp:term":[{"taxonomy":"product_brand","embeddable":true,"href":"https:\/\/megacase.com\/de\/wp-json\/wp\/v2\/product_brand?post=189798"},{"taxonomy":"product_cat","embeddable":true,"href":"https:\/\/megacase.com\/de\/wp-json\/wp\/v2\/product_cat?post=189798"},{"taxonomy":"product_tag","embeddable":true,"href":"https:\/\/megacase.com\/de\/wp-json\/wp\/v2\/product_tag?post=189798"}],"curies":[{"name":"wp","href":"https:\/\/api.w.org\/{rel}","templated":true}]}}