{"id":189711,"date":"2020-11-24T12:57:04","date_gmt":"2020-11-24T11:57:04","guid":{"rendered":"https:\/\/megacase.com\/?post_type=product&#038;p=189711"},"modified":"2026-03-25T16:01:57","modified_gmt":"2026-03-25T15:01:57","slug":"zubehoercase-120x30x30-sst","status":"publish","type":"product","link":"https:\/\/megacase.com\/de\/produkt\/zubehoercase-120x30x30-sst\/","title":{"rendered":"Zubeh\u00f6rcase 120x30x30 SST"},"content":{"rendered":"<p>Zubh\u00f6r Truhe mit 10mm Schaumstoff und dem Innenma\u00dfen von 1180 x 280 x 260 mm<br \/>\naus 6,5 mm Birkenmultiplex Mehrschichtholz<br \/>\nPhenolharz beschichtet braun<br \/>\n30&#215;30 mm Alukante,<br \/>\n2 gefederte Butterfly Verschl\u00fcsse<br \/>\n2 Klappgriffe<br \/>\n4 Stahlkugelecken<br \/>\n4 Stahlkugelecken stapelbar unten<br \/>\nFeststellscharniere.<br \/>\nInnenma\u00df innerhalb Schaumstoff ca. 1180 x 280 x 260 mm<br \/>\nAu\u00dfenma\u00dfe BxTxH ca.: 1240 x 340 x 340 mm<br \/>\nGewicht ca.: 12,6kg<\/p>\n<p>hergestellt in Deutschland<\/p>\n<p>&nbsp;<\/p>\n","protected":false},"excerpt":{"rendered":"<p>Zubh\u00f6r Truhe mit 10mm Schaumstoff und dem Innenma\u00dfen von 1180 x 280 x 260 mm aus 6,5 mm Birkenmultiplex Mehrschichtholz<\/p>\n","protected":false},"featured_media":189732,"template":"","meta":{"_acf_changed":false},"product_brand":[],"product_cat":[13509],"product_tag":[],"class_list":{"0":"post-189711","1":"product","2":"type-product","3":"status-publish","4":"has-post-thumbnail","6":"product_cat-truhen-cases","8":"first","9":"instock","10":"taxable","11":"shipping-taxable","12":"purchasable","13":"product-type-simple"},"acf":[],"_links":{"self":[{"href":"https:\/\/megacase.com\/de\/wp-json\/wp\/v2\/product\/189711","targetHints":{"allow":["GET"]}}],"collection":[{"href":"https:\/\/megacase.com\/de\/wp-json\/wp\/v2\/product"}],"about":[{"href":"https:\/\/megacase.com\/de\/wp-json\/wp\/v2\/types\/product"}],"wp:featuredmedia":[{"embeddable":true,"href":"https:\/\/megacase.com\/de\/wp-json\/wp\/v2\/media\/189732"}],"wp:attachment":[{"href":"https:\/\/megacase.com\/de\/wp-json\/wp\/v2\/media?parent=189711"}],"wp:term":[{"taxonomy":"product_brand","embeddable":true,"href":"https:\/\/megacase.com\/de\/wp-json\/wp\/v2\/product_brand?post=189711"},{"taxonomy":"product_cat","embeddable":true,"href":"https:\/\/megacase.com\/de\/wp-json\/wp\/v2\/product_cat?post=189711"},{"taxonomy":"product_tag","embeddable":true,"href":"https:\/\/megacase.com\/de\/wp-json\/wp\/v2\/product_tag?post=189711"}],"curies":[{"name":"wp","href":"https:\/\/api.w.org\/{rel}","templated":true}]}}