{"id":189672,"date":"2020-11-24T12:25:08","date_gmt":"2020-11-24T11:25:08","guid":{"rendered":"https:\/\/megacase.com\/?post_type=product&#038;p=189672"},"modified":"2026-03-25T16:01:58","modified_gmt":"2026-03-25T15:01:58","slug":"workstation-m-a-grandma2-on-pc-commandwing","status":"publish","type":"product","link":"https:\/\/megacase.com\/de\/produkt\/workstation-m-a-grandma2-on-pc-commandwing\/","title":{"rendered":"Workstation M\/A grandMA2 On PC Commandwing"},"content":{"rendered":"<p>Winkel Workstation mit Schaumstoffpolsterung und Innenausbau<br \/>\nf\u00fcr ein M\/A grandMA2 On PC Commandwing, darunter einen Tastautrauszug<br \/>\nmax. Displaybreite 580mm<br \/>\nlinks daneben eine Ausfr\u00e4sung f\u00fcr eine Neutrik-Buchse, dahinter ein geschlossener Kabelkanal mit seitlichen Ausfr\u00e4sungen f\u00fcr Neutrik Buchsen,<br \/>\nauf Kabelkanal kann durch eine Vesabohrung (75 x 75mm) ein Monitor befestigt werden (Modell muss gekl\u00e4rt werden), dieser kann in 3 Gradstufen aufgestellt werden,<br \/>\nhinten durch eine Hybridklappe ein Anschlusspanel mit 8 Neutrik-Buchsen;<br \/>\n6,8mm Birkenmultiplex beschichtet<br \/>\nFarbe: <a href=\"https:\/\/megacase.com\/de\/farben-beschichtungen\/\">frei w\u00e4hlbar<\/a><br \/>\n30 x 30 mm Alukante,<br \/>\n8 Butterfly-Verschl\u00fcsse mittel,<br \/>\n1 Klappgriff mittel,<br \/>\n8 Kugelecken mittel<br \/>\n2 Rutschleisten schwarz lackiert,<br \/>\nDeckel oben und vorne abnehmbar,<br \/>\nCase wird ohne elektrik geliefert,<br \/>\nhergestellt in Deutschland<br \/>\nAu\u00dfenma\u00dfe BxTxH ca.: 660 x 675 x 330 mm<br \/>\nGewicht ca.: 24,4 kg<\/p>\n","protected":false},"excerpt":{"rendered":"<p>Winkel Workstation mit Schaumstoffpolsterung und Innenausbau f\u00fcr ein M\/A grandMA2 On PC Commandwing, darunter einen Tastautrauszug max. Displaybreite 580mm links<\/p>\n","protected":false},"featured_media":198355,"template":"","meta":{"_acf_changed":false},"product_brand":[],"product_cat":[13495,13572],"product_tag":[14874],"class_list":{"0":"post-189672","1":"product","2":"type-product","3":"status-publish","4":"has-post-thumbnail","6":"product_cat-mischpult-cases","7":"product_cat-ma-lighting","8":"product_tag-m-a-lighting","10":"first","11":"instock","12":"taxable","13":"shipping-taxable","14":"purchasable","15":"product-type-simple"},"acf":[],"_links":{"self":[{"href":"https:\/\/megacase.com\/de\/wp-json\/wp\/v2\/product\/189672","targetHints":{"allow":["GET"]}}],"collection":[{"href":"https:\/\/megacase.com\/de\/wp-json\/wp\/v2\/product"}],"about":[{"href":"https:\/\/megacase.com\/de\/wp-json\/wp\/v2\/types\/product"}],"wp:featuredmedia":[{"embeddable":true,"href":"https:\/\/megacase.com\/de\/wp-json\/wp\/v2\/media\/198355"}],"wp:attachment":[{"href":"https:\/\/megacase.com\/de\/wp-json\/wp\/v2\/media?parent=189672"}],"wp:term":[{"taxonomy":"product_brand","embeddable":true,"href":"https:\/\/megacase.com\/de\/wp-json\/wp\/v2\/product_brand?post=189672"},{"taxonomy":"product_cat","embeddable":true,"href":"https:\/\/megacase.com\/de\/wp-json\/wp\/v2\/product_cat?post=189672"},{"taxonomy":"product_tag","embeddable":true,"href":"https:\/\/megacase.com\/de\/wp-json\/wp\/v2\/product_tag?post=189672"}],"curies":[{"name":"wp","href":"https:\/\/api.w.org\/{rel}","templated":true}]}}