{"id":189605,"date":"2020-11-24T07:25:31","date_gmt":"2020-11-24T06:25:31","guid":{"rendered":"https:\/\/megacase.com\/?post_type=product&#038;p=189605"},"modified":"2026-03-25T16:01:58","modified_gmt":"2026-03-25T15:01:58","slug":"zubehoercase-80x40x40-rg","status":"publish","type":"product","link":"https:\/\/megacase.com\/de\/produkt\/zubehoercase-80x40x40-rg\/","title":{"rendered":"Zubeh\u00f6rcase 80x40x40 + RG"},"content":{"rendered":"<p>Zubeh\u00f6r Truhencase auf Rollen mit den Innenma\u00dfen von 800 x 400 x 400 mm<br \/>\naus 6,5 mm Birkenmultiplex Mehrschichtholz<br \/>\nPhenolharz beschichtet braun<br \/>\n30x30mm Alukante,<br \/>\n2 gefederte Butterfly Verschl\u00fcsse mittel<br \/>\n4 Klappgriffe mittel<br \/>\n4 Stahlkugelecken mittel mit L-ecke<br \/>\n4 Stahlkugelecken mittel<br \/>\nFeststellscharniere.<br \/>\n4 Lenkrollen davon 2 gebremst<br \/>\nInnenma\u00dfe BxTxH ca.: 800 x 400 x 400 mm<br \/>\nAu\u00dfenma\u00dfe BxTxH ca.: 840 x 440 x 595 mm<br \/>\nGewicht ca.: 17,7 kg<br \/>\nHergestellt in Deutschland.<\/p>\n<p>optionales Trennwandset unter Artikel: <a href=\"https:\/\/megacase.com\/de\/produkt\/trennwandset-40x40\/\">251870<\/a><\/p>\n","protected":false},"excerpt":{"rendered":"<p>Zubeh\u00f6r Truhencase auf Rollen mit den Innenma\u00dfen von 800 x 400 x 400 mm aus 6,5 mm Birkenmultiplex Mehrschichtholz Phenolharz<\/p>\n","protected":false},"featured_media":189622,"template":"","meta":{"_acf_changed":false},"product_brand":[],"product_cat":[13509],"product_tag":[],"class_list":{"0":"post-189605","1":"product","2":"type-product","3":"status-publish","4":"has-post-thumbnail","6":"product_cat-truhen-cases","8":"first","9":"instock","10":"taxable","11":"shipping-taxable","12":"purchasable","13":"product-type-simple"},"acf":[],"_links":{"self":[{"href":"https:\/\/megacase.com\/de\/wp-json\/wp\/v2\/product\/189605","targetHints":{"allow":["GET"]}}],"collection":[{"href":"https:\/\/megacase.com\/de\/wp-json\/wp\/v2\/product"}],"about":[{"href":"https:\/\/megacase.com\/de\/wp-json\/wp\/v2\/types\/product"}],"wp:featuredmedia":[{"embeddable":true,"href":"https:\/\/megacase.com\/de\/wp-json\/wp\/v2\/media\/189622"}],"wp:attachment":[{"href":"https:\/\/megacase.com\/de\/wp-json\/wp\/v2\/media?parent=189605"}],"wp:term":[{"taxonomy":"product_brand","embeddable":true,"href":"https:\/\/megacase.com\/de\/wp-json\/wp\/v2\/product_brand?post=189605"},{"taxonomy":"product_cat","embeddable":true,"href":"https:\/\/megacase.com\/de\/wp-json\/wp\/v2\/product_cat?post=189605"},{"taxonomy":"product_tag","embeddable":true,"href":"https:\/\/megacase.com\/de\/wp-json\/wp\/v2\/product_tag?post=189605"}],"curies":[{"name":"wp","href":"https:\/\/api.w.org\/{rel}","templated":true}]}}