{"id":188883,"date":"2020-11-23T11:34:58","date_gmt":"2020-11-23T10:34:58","guid":{"rendered":"https:\/\/megacase.com\/?post_type=product&#038;p=188883"},"modified":"2026-03-25T16:02:04","modified_gmt":"2026-03-25T15:02:04","slug":"effektcase-boss-rc-505-kk","status":"publish","type":"product","link":"https:\/\/megacase.com\/de\/produkt\/effektcase-boss-rc-505-kk\/","title":{"rendered":"Effektcase Boss RC-505 + KK"},"content":{"rendered":"<p>Dieses Haubencase wird passend f\u00fcr den Desktop Loopstation Boss RC-505<br \/>\ninklusive Platz f\u00fcr das Netzteil mit Kabel gebaut.<br \/>\nDas Ger\u00e4t kann im Unterteil bedient werden.<br \/>\nGefertigt wird es aus 6,5 mm Birkenmultiplex Mehrschichtholz<br \/>\nPhenolharz beschichtet braun<br \/>\nVerwendete Anbauteile:<br \/>\n22&#215;22 mm Alukante<br \/>\nStahl Kugelecken<br \/>\n2 Butterfly Verschl\u00fcsse<br \/>\n1 Koffergriff mit Schale<br \/>\n4 mal Gummif\u00fc\u00dfe<br \/>\nDie Haube wird zu 100 Prozent in Deutschland hergestellt.<\/p>\n","protected":false},"excerpt":{"rendered":"<p>Dieses Haubencase wird passend f\u00fcr den Desktop Loopstation Boss RC-505 inklusive Platz f\u00fcr das Netzteil mit Kabel gebaut. Das Ger\u00e4t<\/p>\n","protected":false},"featured_media":188888,"template":"","meta":{"_acf_changed":false},"product_brand":[],"product_cat":[13495],"product_tag":[],"class_list":{"0":"post-188883","1":"product","2":"type-product","3":"status-publish","4":"has-post-thumbnail","6":"product_cat-mischpult-cases","8":"first","9":"instock","10":"taxable","11":"shipping-taxable","12":"purchasable","13":"product-type-simple"},"acf":[],"_links":{"self":[{"href":"https:\/\/megacase.com\/de\/wp-json\/wp\/v2\/product\/188883","targetHints":{"allow":["GET"]}}],"collection":[{"href":"https:\/\/megacase.com\/de\/wp-json\/wp\/v2\/product"}],"about":[{"href":"https:\/\/megacase.com\/de\/wp-json\/wp\/v2\/types\/product"}],"wp:featuredmedia":[{"embeddable":true,"href":"https:\/\/megacase.com\/de\/wp-json\/wp\/v2\/media\/188888"}],"wp:attachment":[{"href":"https:\/\/megacase.com\/de\/wp-json\/wp\/v2\/media?parent=188883"}],"wp:term":[{"taxonomy":"product_brand","embeddable":true,"href":"https:\/\/megacase.com\/de\/wp-json\/wp\/v2\/product_brand?post=188883"},{"taxonomy":"product_cat","embeddable":true,"href":"https:\/\/megacase.com\/de\/wp-json\/wp\/v2\/product_cat?post=188883"},{"taxonomy":"product_tag","embeddable":true,"href":"https:\/\/megacase.com\/de\/wp-json\/wp\/v2\/product_tag?post=188883"}],"curies":[{"name":"wp","href":"https:\/\/api.w.org\/{rel}","templated":true}]}}