{"id":188127,"date":"2020-11-19T16:33:07","date_gmt":"2020-11-19T15:33:07","guid":{"rendered":"https:\/\/megacase.com\/?post_type=product&#038;p=188127"},"modified":"2026-03-25T16:02:09","modified_gmt":"2026-03-25T15:02:09","slug":"zubehoercase-60x40x40-col-2","status":"publish","type":"product","link":"https:\/\/megacase.com\/de\/produkt\/zubehoercase-60x40x40-col-2\/","title":{"rendered":"Zubeh\u00f6rcase 60x40x40 col"},"content":{"rendered":"<h2>Zubeh\u00f6rtruhe<\/h2>\n<ul>\n<li>Kein Kabelsalat mehr und keine losen Einzelteile. Bringen Sie Ordnung in Ihre Kabel, Werkzeug und Zubeh\u00f6r durch optional erh\u00e4ltliche Rasterschienen und Trennbrettern.<\/li>\n<li>6,5 mm Birkenmultiplex Phenolharz beschichtet<\/li>\n<li>Farbe: frei w\u00e4hlbar<\/li>\n<li>30x30mm Alukante,<\/li>\n<li>2 gefederte Butterfly Verschl\u00fcsse<\/li>\n<li>4 Klappgriffe<\/li>\n<li>4 Stahlkugelecken<\/li>\n<li>4 Stahlkugelecken stapelbar unten<\/li>\n<li>Feststellscharniere<\/li>\n<li>Au\u00dfenma\u00df BxTxH 640x440x440 mm<\/li>\n<li>Gewicht 10,5 kg<\/li>\n<li>Ein optionales Trennwandset ist unter Artikelnummer <a href=\"https:\/\/megacase.com\/de\/produkt\/trennwandset-40x40\/\">251870<\/a> erh\u00e4ltlich.<\/li>\n<\/ul>\n<p>Bei einer Bestellung bitte die gew\u00fcnschte <a href=\"https:\/\/megacase.com\/de\/farben-beschichtungen\/\">Farbe<\/a> angeben<\/p>\n","protected":false},"excerpt":{"rendered":"<p>Zubeh\u00f6rtruhe Kein Kabelsalat mehr und keine losen Einzelteile. Bringen Sie Ordnung in Ihre Kabel, Werkzeug und Zubeh\u00f6r durch optional erh\u00e4ltliche<\/p>\n","protected":false},"featured_media":216503,"template":"","meta":{"_acf_changed":false},"product_brand":[],"product_cat":[13509],"product_tag":[],"class_list":{"0":"post-188127","1":"product","2":"type-product","3":"status-publish","4":"has-post-thumbnail","6":"product_cat-truhen-cases","8":"first","9":"instock","10":"taxable","11":"shipping-taxable","12":"purchasable","13":"product-type-simple"},"acf":[],"_links":{"self":[{"href":"https:\/\/megacase.com\/de\/wp-json\/wp\/v2\/product\/188127","targetHints":{"allow":["GET"]}}],"collection":[{"href":"https:\/\/megacase.com\/de\/wp-json\/wp\/v2\/product"}],"about":[{"href":"https:\/\/megacase.com\/de\/wp-json\/wp\/v2\/types\/product"}],"wp:featuredmedia":[{"embeddable":true,"href":"https:\/\/megacase.com\/de\/wp-json\/wp\/v2\/media\/216503"}],"wp:attachment":[{"href":"https:\/\/megacase.com\/de\/wp-json\/wp\/v2\/media?parent=188127"}],"wp:term":[{"taxonomy":"product_brand","embeddable":true,"href":"https:\/\/megacase.com\/de\/wp-json\/wp\/v2\/product_brand?post=188127"},{"taxonomy":"product_cat","embeddable":true,"href":"https:\/\/megacase.com\/de\/wp-json\/wp\/v2\/product_cat?post=188127"},{"taxonomy":"product_tag","embeddable":true,"href":"https:\/\/megacase.com\/de\/wp-json\/wp\/v2\/product_tag?post=188127"}],"curies":[{"name":"wp","href":"https:\/\/api.w.org\/{rel}","templated":true}]}}