{"id":188096,"date":"2020-11-19T15:47:22","date_gmt":"2020-11-19T14:47:22","guid":{"rendered":"https:\/\/megacase.com\/?post_type=product&#038;p=188096"},"modified":"2026-03-25T16:02:09","modified_gmt":"2026-03-25T15:02:09","slug":"zubehoercase-60x40x40-wheel","status":"publish","type":"product","link":"https:\/\/megacase.com\/de\/produkt\/zubehoercase-60x40x40-wheel\/","title":{"rendered":"Zubeh\u00f6rcase 60x40x40 + wheel"},"content":{"rendered":"<p>Truhe auf Rollen f\u00fcr Werkzeug und Zubeh\u00f6r ohne Innenausbau und Polsterung.<br \/>\naus 6,5 mm Birkenmultiplex Mehrschichtholz<br \/>\nPhenolharz beschichtet braun<br \/>\n30&#215;30 mm Alukante,<br \/>\n2 gefederte Butterfly Verschl\u00fcsse<br \/>\n4 Klappgriffe<br \/>\n8 Stahlkugelecken<br \/>\n4 Lenkrollen davon 2 gebremst<br \/>\nFeststellscharniere.<br \/>\nMegacases fertigt garantiert &#8222;Made in Germany&#8220;.<br \/>\nEin optionales Trennwandset ist unter Artikelnummer <a href=\"https:\/\/megacase.com\/de\/produkt\/trennwandset-40x40\/\">251870<\/a> erh\u00e4ltlich.<br \/>\nAu\u00dfenma\u00df 640x440x490 mm<br \/>\nGewicht: 16,3 kg<\/p>\n","protected":false},"excerpt":{"rendered":"<p>Truhe auf Rollen f\u00fcr Werkzeug und Zubeh\u00f6r ohne Innenausbau und Polsterung. aus 6,5 mm Birkenmultiplex Mehrschichtholz Phenolharz beschichtet braun 30&#215;30<\/p>\n","protected":false},"featured_media":188114,"template":"","meta":{"_acf_changed":false},"product_brand":[],"product_cat":[13509],"product_tag":[],"class_list":{"0":"post-188096","1":"product","2":"type-product","3":"status-publish","4":"has-post-thumbnail","6":"product_cat-truhen-cases","8":"first","9":"instock","10":"taxable","11":"shipping-taxable","12":"purchasable","13":"product-type-simple"},"acf":[],"_links":{"self":[{"href":"https:\/\/megacase.com\/de\/wp-json\/wp\/v2\/product\/188096","targetHints":{"allow":["GET"]}}],"collection":[{"href":"https:\/\/megacase.com\/de\/wp-json\/wp\/v2\/product"}],"about":[{"href":"https:\/\/megacase.com\/de\/wp-json\/wp\/v2\/types\/product"}],"wp:featuredmedia":[{"embeddable":true,"href":"https:\/\/megacase.com\/de\/wp-json\/wp\/v2\/media\/188114"}],"wp:attachment":[{"href":"https:\/\/megacase.com\/de\/wp-json\/wp\/v2\/media?parent=188096"}],"wp:term":[{"taxonomy":"product_brand","embeddable":true,"href":"https:\/\/megacase.com\/de\/wp-json\/wp\/v2\/product_brand?post=188096"},{"taxonomy":"product_cat","embeddable":true,"href":"https:\/\/megacase.com\/de\/wp-json\/wp\/v2\/product_cat?post=188096"},{"taxonomy":"product_tag","embeddable":true,"href":"https:\/\/megacase.com\/de\/wp-json\/wp\/v2\/product_tag?post=188096"}],"curies":[{"name":"wp","href":"https:\/\/api.w.org\/{rel}","templated":true}]}}