{"id":188040,"date":"2020-11-19T13:31:58","date_gmt":"2020-11-19T12:31:58","guid":{"rendered":"https:\/\/megacase.com\/?post_type=product&#038;p=188040"},"modified":"2026-03-25T16:02:10","modified_gmt":"2026-03-25T15:02:10","slug":"zubehoercase-60x40x40-col","status":"publish","type":"product","link":"https:\/\/megacase.com\/de\/produkt\/zubehoercase-60x40x40-col\/","title":{"rendered":"Zubeh\u00f6rcase 60x40x40 COL"},"content":{"rendered":"<h2>Zubeh\u00f6rtruhe<\/h2>\n<p>Kein Kabelsalat mehr und keine losen Einzelteile.<br \/>\nBringen Sie Ordnung in Ihre Kabel, Werkzeug und Zubeh\u00f6r durch optional erh\u00e4ltliche Rasterschienen und Trennbrettern.<br \/>\n7 mm Birkenmultiplex beschichtet;<br \/>\nFarbe: frei w\u00e4hlbar<br \/>\n30&#215;30 mm Alukante,<br \/>\n2 gefederte Butterfly Verschl\u00fcsse<br \/>\n2 Klappgriffe<br \/>\n4 Stahlkugelecken<br \/>\n4 Stahlkugelecken stapelbar unten<br \/>\nFeststellscharniere.<br \/>\nAu\u00dfenma\u00df 640x440x440 mm<br \/>\nGewicht 10,5kg<\/p>\n<p>Ein optionales Trennwandset ist unter Artikelnummer <a href=\"https:\/\/megacase.com\/de\/produkt\/trennwandset-40x40\/\">251870<\/a> erh\u00e4ltlich.<\/p>\n<h4>Bei einer Bestellung bitte die gew\u00fcnschte <a href=\"https:\/\/megacase.com\/de\/farben-beschichtungen\/\">Farbe<\/a> angeben<\/h4>\n","protected":false},"excerpt":{"rendered":"<p>Zubeh\u00f6rtruhe Kein Kabelsalat mehr und keine losen Einzelteile. Bringen Sie Ordnung in Ihre Kabel, Werkzeug und Zubeh\u00f6r durch optional erh\u00e4ltliche<\/p>\n","protected":false},"featured_media":188053,"template":"","meta":{"_acf_changed":false},"product_brand":[],"product_cat":[13509],"product_tag":[],"class_list":{"0":"post-188040","1":"product","2":"type-product","3":"status-publish","4":"has-post-thumbnail","6":"product_cat-truhen-cases","8":"first","9":"instock","10":"taxable","11":"shipping-taxable","12":"purchasable","13":"product-type-simple"},"acf":[],"_links":{"self":[{"href":"https:\/\/megacase.com\/de\/wp-json\/wp\/v2\/product\/188040","targetHints":{"allow":["GET"]}}],"collection":[{"href":"https:\/\/megacase.com\/de\/wp-json\/wp\/v2\/product"}],"about":[{"href":"https:\/\/megacase.com\/de\/wp-json\/wp\/v2\/types\/product"}],"wp:featuredmedia":[{"embeddable":true,"href":"https:\/\/megacase.com\/de\/wp-json\/wp\/v2\/media\/188053"}],"wp:attachment":[{"href":"https:\/\/megacase.com\/de\/wp-json\/wp\/v2\/media?parent=188040"}],"wp:term":[{"taxonomy":"product_brand","embeddable":true,"href":"https:\/\/megacase.com\/de\/wp-json\/wp\/v2\/product_brand?post=188040"},{"taxonomy":"product_cat","embeddable":true,"href":"https:\/\/megacase.com\/de\/wp-json\/wp\/v2\/product_cat?post=188040"},{"taxonomy":"product_tag","embeddable":true,"href":"https:\/\/megacase.com\/de\/wp-json\/wp\/v2\/product_tag?post=188040"}],"curies":[{"name":"wp","href":"https:\/\/api.w.org\/{rel}","templated":true}]}}