{"id":187924,"date":"2020-11-18T20:48:36","date_gmt":"2020-11-18T19:48:36","guid":{"rendered":"https:\/\/megacase.com\/?post_type=product&#038;p=187924"},"modified":"2026-03-25T16:02:10","modified_gmt":"2026-03-25T15:02:10","slug":"zubehoercase-60x40x40","status":"publish","type":"product","link":"https:\/\/megacase.com\/de\/produkt\/zubehoercase-60x40x40\/","title":{"rendered":"Zubeh\u00f6rcase 60x40x40"},"content":{"rendered":"<h2>Zubeh\u00f6rtruhe<\/h2>\n<p class=\"font-claude-response-body break-words whitespace-normal leading-[1.7]\">Schluss mit Kabelsalat, verlegtem Werkzeug und losem Zubeh\u00f6r, das irgendwo im Transporter verschwindet. Diese kompakte Transporttruhe bringt System in dein Setup \u2013 und h\u00e4lt es dort.Mit ihren Ma\u00dfen von 60 \u00d7 40 \u00d7 40 cm ist sie gro\u00df genug f\u00fcr alles Wesentliche und kompakt genug, um \u00fcberall mitzukommen. Robust gebaut, um den Anforderungen des t\u00e4glichen Einsatzes standzuhalten \u2013 ob auf Tour, im Studio oder auf der Baustelle.Kabel, Werkzeug, Adapter, Kleinteile: alles hat seinen Platz. Alles ist beim n\u00e4chsten Job sofort griffbereit. Keine Sucherei, kein Zeitverlust, kein \u00c4rger.<\/p>\n<ul>\n<li>6,5 mm Birkenmultiplex<\/li>\n<li>Farbe Phenolharz beschichtet braun<\/li>\n<li>30x30mm Alukante,<\/li>\n<li>2 gefederte Butterfly Verschl\u00fcsse<\/li>\n<li>4 Klappgriffe<\/li>\n<li>4 Stahlkugelecken<\/li>\n<li>4 Stahlkugelecken stapelbar unten<\/li>\n<li>Feststellscharniere<\/li>\n<li>Au\u00dfenma\u00df BxTxH 640x440x440 mm<\/li>\n<li>Gewicht 10,5 kg<\/li>\n<li>Ein optionales Trennwandset ist unter Artikelnummer <a href=\"https:\/\/megacase.com\/de\/produkt\/trennwandset-40x40\/\">251870<\/a> erh\u00e4ltlich.<\/li>\n<\/ul>\n","protected":false},"excerpt":{"rendered":"<p>Bringen Sie Ordnung in Ihre Kabel&#8230;.<\/p>\n","protected":false},"featured_media":188135,"template":"","meta":{"_acf_changed":false},"product_brand":[],"product_cat":[13509],"product_tag":[],"class_list":{"0":"post-187924","1":"product","2":"type-product","3":"status-publish","4":"has-post-thumbnail","6":"product_cat-truhen-cases","8":"first","9":"instock","10":"taxable","11":"shipping-taxable","12":"purchasable","13":"product-type-simple"},"acf":[],"_links":{"self":[{"href":"https:\/\/megacase.com\/de\/wp-json\/wp\/v2\/product\/187924","targetHints":{"allow":["GET"]}}],"collection":[{"href":"https:\/\/megacase.com\/de\/wp-json\/wp\/v2\/product"}],"about":[{"href":"https:\/\/megacase.com\/de\/wp-json\/wp\/v2\/types\/product"}],"wp:featuredmedia":[{"embeddable":true,"href":"https:\/\/megacase.com\/de\/wp-json\/wp\/v2\/media\/188135"}],"wp:attachment":[{"href":"https:\/\/megacase.com\/de\/wp-json\/wp\/v2\/media?parent=187924"}],"wp:term":[{"taxonomy":"product_brand","embeddable":true,"href":"https:\/\/megacase.com\/de\/wp-json\/wp\/v2\/product_brand?post=187924"},{"taxonomy":"product_cat","embeddable":true,"href":"https:\/\/megacase.com\/de\/wp-json\/wp\/v2\/product_cat?post=187924"},{"taxonomy":"product_tag","embeddable":true,"href":"https:\/\/megacase.com\/de\/wp-json\/wp\/v2\/product_tag?post=187924"}],"curies":[{"name":"wp","href":"https:\/\/api.w.org\/{rel}","templated":true}]}}