{"id":187705,"date":"2020-11-17T12:02:38","date_gmt":"2020-11-17T11:02:38","guid":{"rendered":"https:\/\/megacase.com\/?post_type=product&#038;p=187705"},"modified":"2026-03-25T16:02:14","modified_gmt":"2026-03-25T15:02:14","slug":"mega-flightcase-140x30x30-pvc","status":"publish","type":"product","link":"https:\/\/megacase.com\/de\/produkt\/mega-flightcase-140x30x30-pvc\/","title":{"rendered":"Zubeh\u00f6rcase 140x30x30 PVC"},"content":{"rendered":"<p>Zubeh\u00f6rcase mit den Innenma\u00dfen von 1400 x 300 x 300 mm BxTxH<br \/>\naus 6,5 mm Wabenkunststoff<br \/>\nFarbe: schwarz<br \/>\n2 Butterfly-Verschluss<br \/>\n2 Deckelscharnier<br \/>\n2 Klappgriff<br \/>\n1 Geweberiemengriff<br \/>\nStahlkugelecken<br \/>\nHergestellt in Deutschland<br \/>\nAu\u00dfenma\u00dfe: BxTxH 1440x340x340 mm,<br \/>\nGewicht: 10,4 kg<\/p>\n","protected":false},"excerpt":{"rendered":"<p>Zubeh\u00f6rcase mit den Innenma\u00dfen von 1400 x 300 x 300 mm BxTxH aus 6,5 mm Wabenkunststoff Farbe: schwarz 2 Butterfly-Verschluss<\/p>\n","protected":false},"featured_media":187718,"template":"","meta":{"_acf_changed":false},"product_brand":[],"product_cat":[13508,13509],"product_tag":[],"class_list":{"0":"post-187705","1":"product","2":"type-product","3":"status-publish","4":"has-post-thumbnail","6":"product_cat-universal-flightcases","7":"product_cat-truhen-cases","9":"first","10":"instock","11":"taxable","12":"shipping-taxable","13":"purchasable","14":"product-type-simple"},"acf":[],"_links":{"self":[{"href":"https:\/\/megacase.com\/de\/wp-json\/wp\/v2\/product\/187705","targetHints":{"allow":["GET"]}}],"collection":[{"href":"https:\/\/megacase.com\/de\/wp-json\/wp\/v2\/product"}],"about":[{"href":"https:\/\/megacase.com\/de\/wp-json\/wp\/v2\/types\/product"}],"wp:featuredmedia":[{"embeddable":true,"href":"https:\/\/megacase.com\/de\/wp-json\/wp\/v2\/media\/187718"}],"wp:attachment":[{"href":"https:\/\/megacase.com\/de\/wp-json\/wp\/v2\/media?parent=187705"}],"wp:term":[{"taxonomy":"product_brand","embeddable":true,"href":"https:\/\/megacase.com\/de\/wp-json\/wp\/v2\/product_brand?post=187705"},{"taxonomy":"product_cat","embeddable":true,"href":"https:\/\/megacase.com\/de\/wp-json\/wp\/v2\/product_cat?post=187705"},{"taxonomy":"product_tag","embeddable":true,"href":"https:\/\/megacase.com\/de\/wp-json\/wp\/v2\/product_tag?post=187705"}],"curies":[{"name":"wp","href":"https:\/\/api.w.org\/{rel}","templated":true}]}}