{"id":187701,"date":"2020-11-17T11:46:57","date_gmt":"2020-11-17T10:46:57","guid":{"rendered":"https:\/\/megacase.com\/?post_type=product&#038;p=187701"},"modified":"2026-03-25T16:02:15","modified_gmt":"2026-03-25T15:02:15","slug":"mega-flightcase-140x30x30-wheel","status":"publish","type":"product","link":"https:\/\/megacase.com\/de\/produkt\/mega-flightcase-140x30x30-wheel\/","title":{"rendered":"Zubeh\u00f6rcase 140x30x30 + wheel"},"content":{"rendered":"<p>Stabile Truhe f\u00fcr Zubeh\u00f6r wie Kabel, Tools und Werkzeug und vieles mehr aus<br \/>\nNie wieder schwere &#8222;Kisten&#8220; schleppen und \u00fcber die B\u00fchne zerren. Jede Truhe von Megacase ist garantiert &#8222;Made in Germany&#8220;.<br \/>\n6,5 mm Birkenmultiplex<br \/>\nFarbe Phenolharz beschichtet braun<br \/>\n30&#215;30 mm Alukante,<br \/>\n2 gefederte Butterfly Verschl\u00fcsse<br \/>\n2 Klappgriffe<br \/>\n4 Stahlkugelecken<br \/>\n4 Stahlkugelecken mit L-Ecke<br \/>\nFeststellscharniere.<br \/>\n4 100 mm Lenkrollen \/ 2 davon gebremst<br \/>\noptionales Trennwandset unter Artikelnummer 251847 erh\u00e4ltlich<\/p>\n<ul>\n<li>Abbildung zeigt Case ohne Rollen<\/li>\n<\/ul>\n","protected":false},"excerpt":{"rendered":"<p>Stabile Truhe f\u00fcr Zubeh\u00f6r wie Kabel, Tools und Werkzeug und vieles mehr aus Nie wieder schwere &#8222;Kisten&#8220; schleppen und \u00fcber<\/p>\n","protected":false},"featured_media":187674,"template":"","meta":{"_acf_changed":false},"product_brand":[],"product_cat":[13509],"product_tag":[],"class_list":{"0":"post-187701","1":"product","2":"type-product","3":"status-publish","4":"has-post-thumbnail","6":"product_cat-truhen-cases","8":"first","9":"instock","10":"taxable","11":"shipping-taxable","12":"purchasable","13":"product-type-simple"},"acf":[],"_links":{"self":[{"href":"https:\/\/megacase.com\/de\/wp-json\/wp\/v2\/product\/187701","targetHints":{"allow":["GET"]}}],"collection":[{"href":"https:\/\/megacase.com\/de\/wp-json\/wp\/v2\/product"}],"about":[{"href":"https:\/\/megacase.com\/de\/wp-json\/wp\/v2\/types\/product"}],"wp:featuredmedia":[{"embeddable":true,"href":"https:\/\/megacase.com\/de\/wp-json\/wp\/v2\/media\/187674"}],"wp:attachment":[{"href":"https:\/\/megacase.com\/de\/wp-json\/wp\/v2\/media?parent=187701"}],"wp:term":[{"taxonomy":"product_brand","embeddable":true,"href":"https:\/\/megacase.com\/de\/wp-json\/wp\/v2\/product_brand?post=187701"},{"taxonomy":"product_cat","embeddable":true,"href":"https:\/\/megacase.com\/de\/wp-json\/wp\/v2\/product_cat?post=187701"},{"taxonomy":"product_tag","embeddable":true,"href":"https:\/\/megacase.com\/de\/wp-json\/wp\/v2\/product_tag?post=187701"}],"curies":[{"name":"wp","href":"https:\/\/api.w.org\/{rel}","templated":true}]}}