{"id":187649,"date":"2020-11-17T09:38:28","date_gmt":"2020-11-17T08:38:28","guid":{"rendered":"https:\/\/megacase.com\/?post_type=product&#038;p=187649"},"modified":"2026-04-17T07:12:39","modified_gmt":"2026-04-17T05:12:39","slug":"mega-flightcase-140x30x30","status":"publish","type":"product","link":"https:\/\/megacase.com\/de\/produkt\/mega-flightcase-140x30x30\/","title":{"rendered":"Zubeh\u00f6rcase 140x30x30"},"content":{"rendered":"<p>Stabile Truhe f\u00fcr Zubeh\u00f6r wie Kabel, Tools und Werkzeug und vieles mehr<br \/>\nJede Truhe von Megacase-Cases ist garantiert &#8222;Made in Germany&#8220;.<br \/>\n6,5 mm Birkenmultiplex Phenolharz beschichtet<br \/>\nFarbe: braun<br \/>\n30x30mm Alukante,<br \/>\n2 gefederte Butterfly Verschl\u00fcsse<br \/>\n2 Klappgriffe<br \/>\n4 Stahlkugelecken<br \/>\n4 Stahlkugelecken stapelbar unten<br \/>\nFeststellscharniere.optional 1cm Schaumstoffpolsterung<br \/>\noptionaes Trennwandset unter Artikelnummer 251847 erh\u00e4ltlich<\/p>\n<p>Au\u00dfenma\u00df 144x34x34cm<br \/>\nGewicht 13,8kg<\/p>\n","protected":false},"excerpt":{"rendered":"<p>Stabile Truhe f\u00fcr Zubeh\u00f6r wie Kabel, Tools und Werkzeug und vieles mehr Jede Truhe von Megacase-Cases ist garantiert &#8222;Made in<\/p>\n","protected":false},"featured_media":187674,"template":"","meta":{"_acf_changed":false},"product_brand":[],"product_cat":[13508,13509],"product_tag":[],"class_list":{"0":"post-187649","1":"product","2":"type-product","3":"status-publish","4":"has-post-thumbnail","6":"product_cat-universal-flightcases","7":"product_cat-truhen-cases","9":"first","10":"instock","11":"taxable","12":"shipping-taxable","13":"purchasable","14":"product-type-simple"},"acf":[],"_links":{"self":[{"href":"https:\/\/megacase.com\/de\/wp-json\/wp\/v2\/product\/187649","targetHints":{"allow":["GET"]}}],"collection":[{"href":"https:\/\/megacase.com\/de\/wp-json\/wp\/v2\/product"}],"about":[{"href":"https:\/\/megacase.com\/de\/wp-json\/wp\/v2\/types\/product"}],"wp:featuredmedia":[{"embeddable":true,"href":"https:\/\/megacase.com\/de\/wp-json\/wp\/v2\/media\/187674"}],"wp:attachment":[{"href":"https:\/\/megacase.com\/de\/wp-json\/wp\/v2\/media?parent=187649"}],"wp:term":[{"taxonomy":"product_brand","embeddable":true,"href":"https:\/\/megacase.com\/de\/wp-json\/wp\/v2\/product_brand?post=187649"},{"taxonomy":"product_cat","embeddable":true,"href":"https:\/\/megacase.com\/de\/wp-json\/wp\/v2\/product_cat?post=187649"},{"taxonomy":"product_tag","embeddable":true,"href":"https:\/\/megacase.com\/de\/wp-json\/wp\/v2\/product_tag?post=187649"}],"curies":[{"name":"wp","href":"https:\/\/api.w.org\/{rel}","templated":true}]}}