{"id":186349,"date":"2020-11-09T12:23:01","date_gmt":"2020-11-09T11:23:01","guid":{"rendered":"https:\/\/megacase.com\/?post_type=product&#038;p=186349"},"modified":"2026-03-25T16:02:20","modified_gmt":"2026-03-25T15:02:20","slug":"case-km-10065-notenstaender-20in1-rg","status":"publish","type":"product","link":"https:\/\/megacase.com\/de\/produkt\/case-km-10065-notenstaender-20in1-rg\/","title":{"rendered":"Case K&#038;M 10065 Notenst\u00e4nder 20in1 RG"},"content":{"rendered":"<p>Truhencase auf Rollen mit Fachunterteilung f\u00fcr 20 St\u00fcck K&amp;M 10065 Notenst\u00e4nder<br \/>\naus 6,5 mm Birkenmultiplex Mehrschichtholz<br \/>\nPhenolharz beschichtet braun<br \/>\n30&#215;30 mm Alukante,<br \/>\n2 Butterfly Verschl\u00fcsse,<br \/>\n2 Feststellscharniere,<br \/>\n2 Klappgriffe,<br \/>\n8 Stahlkugelecken<br \/>\n4 Lenkrollen (100 mm davon sind 2 gebremst),<br \/>\nSchaumstoffpolsterung an Deckel und Boden,<br \/>\nMit Kreuzfachung f\u00fcr Notenst\u00e4nder (4 Reihen a 5 F\u00e4cher),<br \/>\nAu\u00dfenma\u00dfe BxTxH 555x335x725 mm<br \/>\nGewicht: 20,8 kg<br \/>\nhergestellt in Deutschland<\/p>\n","protected":false},"excerpt":{"rendered":"<p>Truhencase auf Rollen mit Fachunterteilung f\u00fcr 20 St\u00fcck K&amp;M 10065 Notenst\u00e4nder aus 6,5 mm Birkenmultiplex Mehrschichtholz Phenolharz beschichtet braun 30&#215;30<\/p>\n","protected":false},"featured_media":186355,"template":"","meta":{"_acf_changed":false},"product_brand":[],"product_cat":[15113],"product_tag":[],"class_list":{"0":"post-186349","1":"product","2":"type-product","3":"status-publish","4":"has-post-thumbnail","6":"product_cat-orchester-cases","8":"first","9":"instock","10":"taxable","11":"shipping-taxable","12":"purchasable","13":"product-type-simple"},"acf":[],"_links":{"self":[{"href":"https:\/\/megacase.com\/de\/wp-json\/wp\/v2\/product\/186349","targetHints":{"allow":["GET"]}}],"collection":[{"href":"https:\/\/megacase.com\/de\/wp-json\/wp\/v2\/product"}],"about":[{"href":"https:\/\/megacase.com\/de\/wp-json\/wp\/v2\/types\/product"}],"wp:featuredmedia":[{"embeddable":true,"href":"https:\/\/megacase.com\/de\/wp-json\/wp\/v2\/media\/186355"}],"wp:attachment":[{"href":"https:\/\/megacase.com\/de\/wp-json\/wp\/v2\/media?parent=186349"}],"wp:term":[{"taxonomy":"product_brand","embeddable":true,"href":"https:\/\/megacase.com\/de\/wp-json\/wp\/v2\/product_brand?post=186349"},{"taxonomy":"product_cat","embeddable":true,"href":"https:\/\/megacase.com\/de\/wp-json\/wp\/v2\/product_cat?post=186349"},{"taxonomy":"product_tag","embeddable":true,"href":"https:\/\/megacase.com\/de\/wp-json\/wp\/v2\/product_tag?post=186349"}],"curies":[{"name":"wp","href":"https:\/\/api.w.org\/{rel}","templated":true}]}}