{"id":185894,"date":"2020-11-09T09:46:54","date_gmt":"2020-11-09T08:46:54","guid":{"rendered":"https:\/\/megacase.com\/?post_type=product&#038;p=185894"},"modified":"2026-03-25T16:04:51","modified_gmt":"2026-03-25T15:04:51","slug":"case-ignition-wal-l710-6in1-rg","status":"publish","type":"product","link":"https:\/\/megacase.com\/de\/produkt\/case-ignition-wal-l710-6in1-rg\/","title":{"rendered":"Case Ignition WAL-L710 6in1 + RG"},"content":{"rendered":"<p>passendes Transportcase f\u00fcr 6 Ignition WAL-L710 inkl. Zubeh\u00f6r,<br \/>\naus 6,8mm Birkenmultiplex beschichtet,<br \/>\nFarbe: schwarz,<br \/>\n30 x 30mm Alukante,<br \/>\n2 Butterfly-Verschl\u00fcsse mittel V4,<br \/>\n8 Klappgriffe mittel,<br \/>\n8 Kugelecken mittel,<br \/>\n3 Feststellscharniere,<br \/>\n4 Radmulden,<br \/>\n1 Tourlabelschale,<br \/>\n4 Lenkrollen davon 2 gebremst,<br \/>\nSchaumstoffpolsterung passend f\u00fcr Ignition WAL-L710,<br \/>\neinzelne F\u00e4cher f\u00fcr Torblenden und Diffusorblenden,<br \/>\nFach f\u00fcr Haken,<br \/>\nHergestellt in Deutschland,<br \/>\nAu\u00dfenma\u00dfe BxTxH ca.: 1093x593x545 mm,<br \/>\nGewicht ca. 37 kg<\/p>\n<p>&nbsp;<\/p>\n","protected":false},"excerpt":{"rendered":"<p>passendes Transportcase f\u00fcr 6 Ignition WAL-L710 inkl. Zubeh\u00f6r, aus 6,8mm Birkenmultiplex beschichtet, Farbe: schwarz, 30 x 30mm Alukante, 2 Butterfly-Verschl\u00fcsse<\/p>\n","protected":false},"featured_media":185899,"template":"","meta":{"_acf_changed":false},"product_brand":[],"product_cat":[13627],"product_tag":[],"class_list":{"0":"post-185894","1":"product","2":"type-product","3":"status-publish","4":"has-post-thumbnail","6":"product_cat-lichtcases","8":"first","9":"instock","10":"taxable","11":"shipping-taxable","12":"purchasable","13":"product-type-simple"},"acf":[],"_links":{"self":[{"href":"https:\/\/megacase.com\/de\/wp-json\/wp\/v2\/product\/185894","targetHints":{"allow":["GET"]}}],"collection":[{"href":"https:\/\/megacase.com\/de\/wp-json\/wp\/v2\/product"}],"about":[{"href":"https:\/\/megacase.com\/de\/wp-json\/wp\/v2\/types\/product"}],"wp:featuredmedia":[{"embeddable":true,"href":"https:\/\/megacase.com\/de\/wp-json\/wp\/v2\/media\/185899"}],"wp:attachment":[{"href":"https:\/\/megacase.com\/de\/wp-json\/wp\/v2\/media?parent=185894"}],"wp:term":[{"taxonomy":"product_brand","embeddable":true,"href":"https:\/\/megacase.com\/de\/wp-json\/wp\/v2\/product_brand?post=185894"},{"taxonomy":"product_cat","embeddable":true,"href":"https:\/\/megacase.com\/de\/wp-json\/wp\/v2\/product_cat?post=185894"},{"taxonomy":"product_tag","embeddable":true,"href":"https:\/\/megacase.com\/de\/wp-json\/wp\/v2\/product_tag?post=185894"}],"curies":[{"name":"wp","href":"https:\/\/api.w.org\/{rel}","templated":true}]}}