{"id":185100,"date":"2020-10-30T10:42:48","date_gmt":"2020-10-30T09:42:48","guid":{"rendered":"https:\/\/megacase.com\/?post_type=product&#038;p=185100"},"modified":"2026-03-25T16:04:54","modified_gmt":"2026-03-25T15:04:54","slug":"5he-eco-ii-rack-36","status":"publish","type":"product","link":"https:\/\/megacase.com\/de\/produkt\/5he-eco-ii-rack-36\/","title":{"rendered":"5HE ECO II Rack 36"},"content":{"rendered":"<p>Nutzh\u00f6he 5HE<br \/>\nEinbautiefe 33cm<br \/>\n7mm Birkenmultiplex phenol,<br \/>\n22&#215;22 \/ 25&#215;25 mm Alukante<br \/>\n4 Schnappschl\u00f6sser,<br \/>\n1 Koffergriff<br \/>\n4 Gummif\u00fc\u00dfe<br \/>\nkleine Stahlkugelecken<br \/>\nstufenlose Rackschiene, incl. Schraubensatz<br \/>\nAu\u00dfenma\u00dfe BxTxH ca.: 530 x 475 x 230 mm<br \/>\nGewicht ca.: 6,9 kg<br \/>\nHergestellt in Deuschland<\/p>\n","protected":false},"excerpt":{"rendered":"<p>Nutzh\u00f6he 5HE Einbautiefe 33cm 7mm Birkenmultiplex phenol, 22&#215;22 \/ 25&#215;25 mm Alukante 4 Schnappschl\u00f6sser, 1 Koffergriff 4 Gummif\u00fc\u00dfe kleine Stahlkugelecken<\/p>\n","protected":false},"featured_media":185101,"template":"","meta":{"_acf_changed":false},"product_brand":[],"product_cat":[13510],"product_tag":[],"class_list":{"0":"post-185100","1":"product","2":"type-product","3":"status-publish","4":"has-post-thumbnail","6":"product_cat-racks","8":"first","9":"instock","10":"taxable","11":"shipping-taxable","12":"purchasable","13":"product-type-simple"},"acf":[],"_links":{"self":[{"href":"https:\/\/megacase.com\/de\/wp-json\/wp\/v2\/product\/185100","targetHints":{"allow":["GET"]}}],"collection":[{"href":"https:\/\/megacase.com\/de\/wp-json\/wp\/v2\/product"}],"about":[{"href":"https:\/\/megacase.com\/de\/wp-json\/wp\/v2\/types\/product"}],"wp:featuredmedia":[{"embeddable":true,"href":"https:\/\/megacase.com\/de\/wp-json\/wp\/v2\/media\/185101"}],"wp:attachment":[{"href":"https:\/\/megacase.com\/de\/wp-json\/wp\/v2\/media?parent=185100"}],"wp:term":[{"taxonomy":"product_brand","embeddable":true,"href":"https:\/\/megacase.com\/de\/wp-json\/wp\/v2\/product_brand?post=185100"},{"taxonomy":"product_cat","embeddable":true,"href":"https:\/\/megacase.com\/de\/wp-json\/wp\/v2\/product_cat?post=185100"},{"taxonomy":"product_tag","embeddable":true,"href":"https:\/\/megacase.com\/de\/wp-json\/wp\/v2\/product_tag?post=185100"}],"curies":[{"name":"wp","href":"https:\/\/api.w.org\/{rel}","templated":true}]}}