{"id":184194,"date":"2020-10-25T09:48:41","date_gmt":"2020-10-25T08:48:41","guid":{"rendered":"https:\/\/megacase.com\/?post_type=product&#038;p=184194"},"modified":"2026-03-25T16:04:58","modified_gmt":"2026-03-25T15:04:58","slug":"mixercase-yamaha-mg-12xu-flap","status":"publish","type":"product","link":"https:\/\/megacase.com\/de\/produkt\/mixercase-yamaha-mg-12xu-flap\/","title":{"rendered":"Mixercase Yamaha MG-12XU + flap"},"content":{"rendered":"<p>Koffercase mit Schaumstoffpolsterung f\u00fcr ein Yamaha MG-12XU inkl. Platz f\u00fcr Kabel und Klappen.<br \/>\nDer Deckel kann w\u00e4hrend dem Betrieb zu gemacht werden;<br \/>\n6,8mm Birkenmultiplex phenolharz beschichtet<br \/>\nFarbe: braun<br \/>\n22 x 22mm Alukante<br \/>\n2 Schnappschl\u00f6sser<br \/>\n1 Koffergriff mit Kappe<br \/>\n2 Aush\u00e4ngescharniere<br \/>\n8 Kugelecken klein<br \/>\n8 Gummif\u00fc\u00dfe 25 x 15 mm<br \/>\nYamaha kann im Case bedient werden<br \/>\nSchaumstoffpolsterung<br \/>\nhergestellt in Deutschland<br \/>\nAu\u00dfenma\u00dfe BxTxH ca.: 556 x 375 x 170 mm<br \/>\nGewicht ca.: 5kg<\/p>\n","protected":false},"excerpt":{"rendered":"<p>Koffercase mit Schaumstoffpolsterung f\u00fcr ein Yamaha MG-12XU inkl. Platz f\u00fcr Kabel und Klappen. Der Deckel kann w\u00e4hrend dem Betrieb zu<\/p>\n","protected":false},"featured_media":184227,"template":"","meta":{"_acf_changed":false},"product_brand":[],"product_cat":[13495],"product_tag":[],"class_list":{"0":"post-184194","1":"product","2":"type-product","3":"status-publish","4":"has-post-thumbnail","6":"product_cat-mischpult-cases","8":"first","9":"instock","10":"taxable","11":"shipping-taxable","12":"purchasable","13":"product-type-simple"},"acf":[],"_links":{"self":[{"href":"https:\/\/megacase.com\/de\/wp-json\/wp\/v2\/product\/184194","targetHints":{"allow":["GET"]}}],"collection":[{"href":"https:\/\/megacase.com\/de\/wp-json\/wp\/v2\/product"}],"about":[{"href":"https:\/\/megacase.com\/de\/wp-json\/wp\/v2\/types\/product"}],"wp:featuredmedia":[{"embeddable":true,"href":"https:\/\/megacase.com\/de\/wp-json\/wp\/v2\/media\/184227"}],"wp:attachment":[{"href":"https:\/\/megacase.com\/de\/wp-json\/wp\/v2\/media?parent=184194"}],"wp:term":[{"taxonomy":"product_brand","embeddable":true,"href":"https:\/\/megacase.com\/de\/wp-json\/wp\/v2\/product_brand?post=184194"},{"taxonomy":"product_cat","embeddable":true,"href":"https:\/\/megacase.com\/de\/wp-json\/wp\/v2\/product_cat?post=184194"},{"taxonomy":"product_tag","embeddable":true,"href":"https:\/\/megacase.com\/de\/wp-json\/wp\/v2\/product_tag?post=184194"}],"curies":[{"name":"wp","href":"https:\/\/api.w.org\/{rel}","templated":true}]}}