{"id":183213,"date":"2020-10-15T14:58:33","date_gmt":"2020-10-15T12:58:33","guid":{"rendered":"https:\/\/megacase.com\/?post_type=product&#038;p=183213"},"modified":"2026-03-25T16:05:00","modified_gmt":"2026-03-25T15:05:00","slug":"studio-dj-table-1500-wh","status":"publish","type":"product","link":"https:\/\/megacase.com\/de\/produkt\/studio-dj-table-1500-wh\/","title":{"rendered":"Studio DJ Table 1500 WH"},"content":{"rendered":"<p>DJ Tisch mit einer breite von 1500mm, passend f\u00fcr 2 Plattenspieler und einen Mixer,<br \/>\naus 19mm FPY Spanplatte, Farbe: wei\u00df, Gr\u00f6\u00dfe der Ablage 1500 x 450 mm,<br \/>\nKabeldurchf\u00fchrung mit Abdeckkappen mittig,<br \/>\nAu\u00dfenma\u00dfe des aufgebauten Tischs (B x T x H): 1500 x 450 x 900 mm,<br \/>\nArbeitsh\u00f6he: 900 mm,<br \/>\nGewicht: kg,<br \/>\ninkl. Schraubenset,<br \/>\nmade in Germany<br \/>\nHinweis: Tisch wird zerlegt geliefert und muss aufgebaut werden.<\/p>\n","protected":false},"excerpt":{"rendered":"<p>DJ Tisch mit einer breite von 1500mm, passend f\u00fcr 2 Plattenspieler und einen Mixer, aus 19mm FPY Spanplatte, Farbe: wei\u00df,<\/p>\n","protected":false},"featured_media":183258,"template":"","meta":{"_acf_changed":false},"product_brand":[],"product_cat":[13493,15472],"product_tag":[],"class_list":{"0":"post-183213","1":"product","2":"type-product","3":"status-publish","4":"has-post-thumbnail","6":"product_cat-dj-equipment-cases","7":"product_cat-studio-equipment-2","9":"first","10":"instock","11":"taxable","12":"shipping-taxable","13":"purchasable","14":"product-type-simple"},"acf":[],"_links":{"self":[{"href":"https:\/\/megacase.com\/de\/wp-json\/wp\/v2\/product\/183213","targetHints":{"allow":["GET"]}}],"collection":[{"href":"https:\/\/megacase.com\/de\/wp-json\/wp\/v2\/product"}],"about":[{"href":"https:\/\/megacase.com\/de\/wp-json\/wp\/v2\/types\/product"}],"wp:featuredmedia":[{"embeddable":true,"href":"https:\/\/megacase.com\/de\/wp-json\/wp\/v2\/media\/183258"}],"wp:attachment":[{"href":"https:\/\/megacase.com\/de\/wp-json\/wp\/v2\/media?parent=183213"}],"wp:term":[{"taxonomy":"product_brand","embeddable":true,"href":"https:\/\/megacase.com\/de\/wp-json\/wp\/v2\/product_brand?post=183213"},{"taxonomy":"product_cat","embeddable":true,"href":"https:\/\/megacase.com\/de\/wp-json\/wp\/v2\/product_cat?post=183213"},{"taxonomy":"product_tag","embeddable":true,"href":"https:\/\/megacase.com\/de\/wp-json\/wp\/v2\/product_tag?post=183213"}],"curies":[{"name":"wp","href":"https:\/\/api.w.org\/{rel}","templated":true}]}}