{"id":183102,"date":"2020-10-15T14:21:04","date_gmt":"2020-10-15T12:21:04","guid":{"rendered":"https:\/\/megacase.com\/?post_type=product&#038;p=183102"},"modified":"2026-03-25T16:05:01","modified_gmt":"2026-03-25T15:05:01","slug":"6he-eco-rack-compact-23","status":"publish","type":"product","link":"https:\/\/megacase.com\/de\/produkt\/6he-eco-rack-compact-23\/","title":{"rendered":"6HE Eco Rack Compact 23"},"content":{"rendered":"<p>Nutzh\u00f6he 6HE<br \/>\n22 cm Einbautiefe<br \/>\n6,8 mm Birkenmultiplex phenol<br \/>\n22&#215;22 \/ 25x25mm Alukante<br \/>\n4 Schnappschl\u00f6sser,<br \/>\n1 Koffergriff<br \/>\n4 Gummif\u00fc\u00dfe<br \/>\nkleine Stahlkugelecken<br \/>\nstufenlose Rackschiene, incl. Schraubensatz<br \/>\nHergestellt in Deuschland<br \/>\nAu\u00dfenma\u00dfe BxTxH ca.: 540 x 350 x 320 mm<br \/>\nGewicht ca.: 6,5kg<\/p>\n<p>19 Zoll Racks in Eco-Qualit\u00e4t sparen Gewicht und Geld.<br \/>\nWollen Sie mehr Sicherheit und Dauerhaftigkeit?<br \/>\nDann versuchen Sie unsere LIVE-Serie oder Eco-Wood.<\/p>\n<p>&nbsp;<\/p>\n","protected":false},"excerpt":{"rendered":"<p>Nutzh\u00f6he 6HE 22 cm Einbautiefe 6,8 mm Birkenmultiplex phenol 22&#215;22 \/ 25x25mm Alukante 4 Schnappschl\u00f6sser, 1 Koffergriff 4 Gummif\u00fc\u00dfe kleine<\/p>\n","protected":false},"featured_media":183127,"template":"","meta":{"_acf_changed":false},"product_brand":[],"product_cat":[13510],"product_tag":[],"class_list":{"0":"post-183102","1":"product","2":"type-product","3":"status-publish","4":"has-post-thumbnail","6":"product_cat-racks","8":"first","9":"instock","10":"taxable","11":"shipping-taxable","12":"purchasable","13":"product-type-simple"},"acf":[],"_links":{"self":[{"href":"https:\/\/megacase.com\/de\/wp-json\/wp\/v2\/product\/183102","targetHints":{"allow":["GET"]}}],"collection":[{"href":"https:\/\/megacase.com\/de\/wp-json\/wp\/v2\/product"}],"about":[{"href":"https:\/\/megacase.com\/de\/wp-json\/wp\/v2\/types\/product"}],"wp:featuredmedia":[{"embeddable":true,"href":"https:\/\/megacase.com\/de\/wp-json\/wp\/v2\/media\/183127"}],"wp:attachment":[{"href":"https:\/\/megacase.com\/de\/wp-json\/wp\/v2\/media?parent=183102"}],"wp:term":[{"taxonomy":"product_brand","embeddable":true,"href":"https:\/\/megacase.com\/de\/wp-json\/wp\/v2\/product_brand?post=183102"},{"taxonomy":"product_cat","embeddable":true,"href":"https:\/\/megacase.com\/de\/wp-json\/wp\/v2\/product_cat?post=183102"},{"taxonomy":"product_tag","embeddable":true,"href":"https:\/\/megacase.com\/de\/wp-json\/wp\/v2\/product_tag?post=183102"}],"curies":[{"name":"wp","href":"https:\/\/api.w.org\/{rel}","templated":true}]}}