{"id":182865,"date":"2020-10-15T13:13:24","date_gmt":"2020-10-15T11:13:24","guid":{"rendered":"https:\/\/megacase.com\/?post_type=product&#038;p=182865"},"modified":"2026-03-25T16:05:02","modified_gmt":"2026-03-25T15:05:02","slug":"live-triple-door-case-fuer-vr-system","status":"publish","type":"product","link":"https:\/\/megacase.com\/de\/produkt\/live-triple-door-case-fuer-vr-system\/","title":{"rendered":"Live Triple Door Case f\u00fcr VR-System"},"content":{"rendered":"<p>passendes Transportcase f\u00fcr ein VR- Vystem inkl. gepolsterte F\u00e4cher f\u00fcr PC, Stative, VR System<br \/>\nist im Originalkarton im gepolsterten Fach verstaut. Oben ist eine Ablage mit aufstellbarer<br \/>\nMonitorbr\u00fccke. Diese kann in 4 stufen aufgestellt werden:<br \/>\nCase besteht aus:<br \/>\n6,8mm Birkenmultiplex beschichtet<br \/>\nFarbe: frei w\u00e4hlbar<br \/>\n30 x 30mm Alukante<br \/>\n10 Butterfly-Verschl\u00fcsse medium<br \/>\n8 Klappgriffe medium<br \/>\n8 Kugelecken medium gestuft<br \/>\n4 Gummif\u00fc\u00dfe 38 x 25 mm<br \/>\nhergestellt in Deutschland<br \/>\nAu\u00dfenma\u00dfe BxTxH ca.: 635 x 898 x 740 mm<br \/>\nGewicht ca.: 44 kg<\/p>\n<p>Bitte bei Bestellung im Kommentarfeld die gew\u00fcnschte Farbe angeben<\/p>\n","protected":false},"excerpt":{"rendered":"<p>passendes Transportcase f\u00fcr ein VR- Vystem inkl. gepolsterte F\u00e4cher f\u00fcr PC, Stative, VR System ist im Originalkarton im gepolsterten Fach<\/p>\n","protected":false},"featured_media":182888,"template":"","meta":{"_acf_changed":false},"product_brand":[],"product_cat":[13553,13576],"product_tag":[],"class_list":{"0":"post-182865","1":"product","2":"type-product","3":"status-publish","4":"has-post-thumbnail","6":"product_cat-beamercases-und-zubehoer-koffer","7":"product_cat-cases-fuer-computer-und-zubehoer","9":"first","10":"instock","11":"taxable","12":"shipping-taxable","13":"purchasable","14":"product-type-simple"},"acf":[],"_links":{"self":[{"href":"https:\/\/megacase.com\/de\/wp-json\/wp\/v2\/product\/182865","targetHints":{"allow":["GET"]}}],"collection":[{"href":"https:\/\/megacase.com\/de\/wp-json\/wp\/v2\/product"}],"about":[{"href":"https:\/\/megacase.com\/de\/wp-json\/wp\/v2\/types\/product"}],"wp:featuredmedia":[{"embeddable":true,"href":"https:\/\/megacase.com\/de\/wp-json\/wp\/v2\/media\/182888"}],"wp:attachment":[{"href":"https:\/\/megacase.com\/de\/wp-json\/wp\/v2\/media?parent=182865"}],"wp:term":[{"taxonomy":"product_brand","embeddable":true,"href":"https:\/\/megacase.com\/de\/wp-json\/wp\/v2\/product_brand?post=182865"},{"taxonomy":"product_cat","embeddable":true,"href":"https:\/\/megacase.com\/de\/wp-json\/wp\/v2\/product_cat?post=182865"},{"taxonomy":"product_tag","embeddable":true,"href":"https:\/\/megacase.com\/de\/wp-json\/wp\/v2\/product_tag?post=182865"}],"curies":[{"name":"wp","href":"https:\/\/api.w.org\/{rel}","templated":true}]}}