{"id":181693,"date":"2020-10-09T09:37:46","date_gmt":"2020-10-09T07:37:46","guid":{"rendered":"https:\/\/megacase.com\/?post_type=product&#038;p=181693"},"modified":"2026-03-25T16:05:11","modified_gmt":"2026-03-25T15:05:11","slug":"case-2xshure-sm7bfungeneration-pop1","status":"publish","type":"product","link":"https:\/\/megacase.com\/de\/produkt\/case-2xshure-sm7bfungeneration-pop1\/","title":{"rendered":"Case 2xShure SM7B+FunGeneration Pop1"},"content":{"rendered":"<p>Koffercase mit gefr\u00e4sten Schaumstoffinlay passend f\u00fcr<br \/>\n2 Shure SM7B inkl. 2 FunGeneration Pop1 inkl. Zubeh\u00f6r<br \/>\nKoffer besteht aus:<br \/>\n6,8mm Birkenmultiplex beschichtet<br \/>\nFarbe: frei w\u00e4hlbar<br \/>\n22 x 22mm Alukante<br \/>\n2 Schnappschl\u00f6\u00dfer<br \/>\n2 Feststellscharniere<br \/>\n1 Koffergriff mit Kappe<br \/>\n8 Kugelecken klein<br \/>\nhergestellt in Deutschland<br \/>\nAu\u00dfenma\u00dfe BxTxH ca.: 710 x 493 x 155<br \/>\nGewicht ca.: 7,7kg<\/p>\n<p>Bitte bei Bestellung im Kommentarfeld die gew\u00fcnschte Farbe angeben<\/p>\n","protected":false},"excerpt":{"rendered":"<p>Koffercase mit gefr\u00e4sten Schaumstoffinlay passend f\u00fcr 2 Shure SM7B inkl. 2 FunGeneration Pop1 inkl. Zubeh\u00f6r Koffer besteht aus: 6,8mm Birkenmultiplex<\/p>\n","protected":false},"featured_media":181721,"template":"","meta":{"_acf_changed":false},"product_brand":[],"product_cat":[13579],"product_tag":[],"class_list":{"0":"post-181693","1":"product","2":"type-product","3":"status-publish","4":"has-post-thumbnail","6":"product_cat-audio-cases","8":"first","9":"instock","10":"taxable","11":"shipping-taxable","12":"purchasable","13":"product-type-simple"},"acf":[],"_links":{"self":[{"href":"https:\/\/megacase.com\/de\/wp-json\/wp\/v2\/product\/181693","targetHints":{"allow":["GET"]}}],"collection":[{"href":"https:\/\/megacase.com\/de\/wp-json\/wp\/v2\/product"}],"about":[{"href":"https:\/\/megacase.com\/de\/wp-json\/wp\/v2\/types\/product"}],"wp:featuredmedia":[{"embeddable":true,"href":"https:\/\/megacase.com\/de\/wp-json\/wp\/v2\/media\/181721"}],"wp:attachment":[{"href":"https:\/\/megacase.com\/de\/wp-json\/wp\/v2\/media?parent=181693"}],"wp:term":[{"taxonomy":"product_brand","embeddable":true,"href":"https:\/\/megacase.com\/de\/wp-json\/wp\/v2\/product_brand?post=181693"},{"taxonomy":"product_cat","embeddable":true,"href":"https:\/\/megacase.com\/de\/wp-json\/wp\/v2\/product_cat?post=181693"},{"taxonomy":"product_tag","embeddable":true,"href":"https:\/\/megacase.com\/de\/wp-json\/wp\/v2\/product_tag?post=181693"}],"curies":[{"name":"wp","href":"https:\/\/api.w.org\/{rel}","templated":true}]}}