{"id":181618,"date":"2020-10-09T08:39:20","date_gmt":"2020-10-09T06:39:20","guid":{"rendered":"https:\/\/megacase.com\/?post_type=product&#038;p=181618"},"modified":"2026-03-25T16:05:12","modified_gmt":"2026-03-25T15:05:12","slug":"kaffeetheke-casedesign-1305","status":"publish","type":"product","link":"https:\/\/megacase.com\/de\/produkt\/kaffeetheke-casedesign-1305\/","title":{"rendered":"Kaffeetheke Casedesign 1305"},"content":{"rendered":"<p>Kaffeetheke, Kundenspezifische Sonderanfertigung<br \/>\naus 9-und 18mm Birkenmultiplex schwarz beschichtet<br \/>\nSoft Closing bei drei T\u00fcren und einer Schublade (selbstschlie\u00dfend)<br \/>\nHebelverschl\u00fcsse zum verriegeln<br \/>\nFachunterteilung im rechten Bereich<br \/>\n30&#215;30 mm Alukante<br \/>\nflache Stahlecken<br \/>\n4 100 mm Lenkrollen<br \/>\neine Schublade links<br \/>\nKabelausl\u00e4sse jeweils oben und seitlich<br \/>\nServiceklappe rechts Gro\u00df<br \/>\nhergestellt in Deutschland<br \/>\nAu\u00dfenma\u00dfe BxTxH ca. 1305x680x880 mm<br \/>\nGewicht ca. 84,5 kg<\/p>\n","protected":false},"excerpt":{"rendered":"<p>Kaffeetheke, Kundenspezifische Sonderanfertigung aus 9-und 18mm Birkenmultiplex schwarz beschichtet Soft Closing bei drei T\u00fcren und einer Schublade (selbstschlie\u00dfend) Hebelverschl\u00fcsse zum<\/p>\n","protected":false},"featured_media":181619,"template":"","meta":{"_acf_changed":false},"product_brand":[],"product_cat":[13565],"product_tag":[],"class_list":{"0":"post-181618","1":"product","2":"type-product","3":"status-publish","4":"has-post-thumbnail","6":"product_cat-catering-und-event-cases","8":"first","9":"instock","10":"taxable","11":"shipping-taxable","12":"purchasable","13":"product-type-simple"},"acf":[],"_links":{"self":[{"href":"https:\/\/megacase.com\/de\/wp-json\/wp\/v2\/product\/181618","targetHints":{"allow":["GET"]}}],"collection":[{"href":"https:\/\/megacase.com\/de\/wp-json\/wp\/v2\/product"}],"about":[{"href":"https:\/\/megacase.com\/de\/wp-json\/wp\/v2\/types\/product"}],"wp:featuredmedia":[{"embeddable":true,"href":"https:\/\/megacase.com\/de\/wp-json\/wp\/v2\/media\/181619"}],"wp:attachment":[{"href":"https:\/\/megacase.com\/de\/wp-json\/wp\/v2\/media?parent=181618"}],"wp:term":[{"taxonomy":"product_brand","embeddable":true,"href":"https:\/\/megacase.com\/de\/wp-json\/wp\/v2\/product_brand?post=181618"},{"taxonomy":"product_cat","embeddable":true,"href":"https:\/\/megacase.com\/de\/wp-json\/wp\/v2\/product_cat?post=181618"},{"taxonomy":"product_tag","embeddable":true,"href":"https:\/\/megacase.com\/de\/wp-json\/wp\/v2\/product_tag?post=181618"}],"curies":[{"name":"wp","href":"https:\/\/api.w.org\/{rel}","templated":true}]}}