{"id":181293,"date":"2020-10-07T09:17:00","date_gmt":"2020-10-07T07:17:00","guid":{"rendered":"https:\/\/megacase.com\/?post_type=product&#038;p=181293"},"modified":"2026-03-25T16:05:13","modified_gmt":"2026-03-25T15:05:13","slug":"case-4x-varytec-hero-spot-wash-140","status":"publish","type":"product","link":"https:\/\/megacase.com\/de\/produkt\/case-4x-varytec-hero-spot-wash-140\/","title":{"rendered":"Case 4x Varytec Hero Spot Wash 140"},"content":{"rendered":"<p>passendes Truhencase f\u00fcr 4x Varytec Hero Spot Wash 140 inkl. einem Fach in der Mitte<\/p>\n<p>6,5 mm Birkenmultiplex Holz,<br \/>\nFarbe Phenolharz bechichtet braun,<br \/>\n30&#215;30 mm Alukante,<br \/>\nmind. 10 mm Schaumstoffpolsterung,<br \/>\n2 gefederte Butterfly-Verschl\u00fcsse medium,<br \/>\n4 Klappgriffe,<br \/>\n8 Stahlkugelecken medium,<br \/>\n3 Festellscharniere,<br \/>\nca. 100 mm Zubeh\u00f6rfach \u00fcber die gesamte L\u00e4nge,<br \/>\n4 St\u00fcck 100 mm Lenkrollen davon 2 gebremst<br \/>\nInnenausbau<br \/>\nSchaumstoff<br \/>\nhergestellt in Deutschland<br \/>\nAu\u00dfenma\u00dfe BxTxH ca.: 685 x 673 x 627 mm<br \/>\nGewicht ca.: 30,4kg<\/p>\n","protected":false},"excerpt":{"rendered":"<p>passendes Truhencase f\u00fcr 4x Varytec Hero Spot Wash 140 inkl. einem Fach in der Mitte 6,5 mm Birkenmultiplex Holz, Farbe<\/p>\n","protected":false},"featured_media":181305,"template":"","meta":{"_acf_changed":false},"product_brand":[],"product_cat":[13627],"product_tag":[],"class_list":{"0":"post-181293","1":"product","2":"type-product","3":"status-publish","4":"has-post-thumbnail","6":"product_cat-lichtcases","8":"first","9":"instock","10":"taxable","11":"shipping-taxable","12":"purchasable","13":"product-type-simple"},"acf":[],"_links":{"self":[{"href":"https:\/\/megacase.com\/de\/wp-json\/wp\/v2\/product\/181293","targetHints":{"allow":["GET"]}}],"collection":[{"href":"https:\/\/megacase.com\/de\/wp-json\/wp\/v2\/product"}],"about":[{"href":"https:\/\/megacase.com\/de\/wp-json\/wp\/v2\/types\/product"}],"wp:featuredmedia":[{"embeddable":true,"href":"https:\/\/megacase.com\/de\/wp-json\/wp\/v2\/media\/181305"}],"wp:attachment":[{"href":"https:\/\/megacase.com\/de\/wp-json\/wp\/v2\/media?parent=181293"}],"wp:term":[{"taxonomy":"product_brand","embeddable":true,"href":"https:\/\/megacase.com\/de\/wp-json\/wp\/v2\/product_brand?post=181293"},{"taxonomy":"product_cat","embeddable":true,"href":"https:\/\/megacase.com\/de\/wp-json\/wp\/v2\/product_cat?post=181293"},{"taxonomy":"product_tag","embeddable":true,"href":"https:\/\/megacase.com\/de\/wp-json\/wp\/v2\/product_tag?post=181293"}],"curies":[{"name":"wp","href":"https:\/\/api.w.org\/{rel}","templated":true}]}}