{"id":181166,"date":"2020-10-07T07:09:36","date_gmt":"2020-10-07T05:09:36","guid":{"rendered":"https:\/\/megacase.com\/?post_type=product&#038;p=181166"},"modified":"2026-03-25T16:05:14","modified_gmt":"2026-03-25T15:05:14","slug":"pedalcase-kemper-profiler-remote-control","status":"publish","type":"product","link":"https:\/\/megacase.com\/de\/produkt\/pedalcase-kemper-profiler-remote-control\/","title":{"rendered":"Pedalcase Kemper Profiler Remote Control"},"content":{"rendered":"<p>Flightcase f\u00fcr ein Kemper Profiler Remote.<br \/>\nDie Remote kann direkt im Unterteil bedient werden, da die Anschl\u00fcsse frei zug\u00e4nglich sind.<br \/>\nF\u00fcr Kabel ist ein 9 cm breiter Kabelkanal vorgesehen.<br \/>\naus 6,5 mm Birkenmultiplex Holz<br \/>\nPhenolharz beschichtet braun<br \/>\n22&#215;22 mm Alukanten,<br \/>\n2 gefederte Butterfly-Verschluss,<br \/>\n1 Koffergriff<br \/>\n8 Stahlkugelecken<br \/>\n4 Gummif\u00fc\u00dfe<br \/>\nSchaumstoffpolster im gesamten Case<br \/>\n9 cm Kabelkanal<br \/>\nHergestellt in Deutschland<br \/>\nAu\u00dfenma\u00dfe ca. BxTxH 475x320x135 mm,<br \/>\nGewicht ca. 3,7 kg<\/p>\n","protected":false},"excerpt":{"rendered":"<p>Flightcase f\u00fcr ein Kemper Profiler Remote. Die Remote kann direkt im Unterteil bedient werden, da die Anschl\u00fcsse frei zug\u00e4nglich sind.<\/p>\n","protected":false},"featured_media":181179,"template":"","meta":{"_acf_changed":false},"product_brand":[],"product_cat":[13594],"product_tag":[14161],"class_list":{"0":"post-181166","1":"product","2":"type-product","3":"status-publish","4":"has-post-thumbnail","6":"product_cat-cases-fuer-gitarre-bass-cases","7":"product_tag-kemper","9":"first","10":"instock","11":"taxable","12":"shipping-taxable","13":"purchasable","14":"product-type-simple"},"acf":[],"_links":{"self":[{"href":"https:\/\/megacase.com\/de\/wp-json\/wp\/v2\/product\/181166","targetHints":{"allow":["GET"]}}],"collection":[{"href":"https:\/\/megacase.com\/de\/wp-json\/wp\/v2\/product"}],"about":[{"href":"https:\/\/megacase.com\/de\/wp-json\/wp\/v2\/types\/product"}],"wp:featuredmedia":[{"embeddable":true,"href":"https:\/\/megacase.com\/de\/wp-json\/wp\/v2\/media\/181179"}],"wp:attachment":[{"href":"https:\/\/megacase.com\/de\/wp-json\/wp\/v2\/media?parent=181166"}],"wp:term":[{"taxonomy":"product_brand","embeddable":true,"href":"https:\/\/megacase.com\/de\/wp-json\/wp\/v2\/product_brand?post=181166"},{"taxonomy":"product_cat","embeddable":true,"href":"https:\/\/megacase.com\/de\/wp-json\/wp\/v2\/product_cat?post=181166"},{"taxonomy":"product_tag","embeddable":true,"href":"https:\/\/megacase.com\/de\/wp-json\/wp\/v2\/product_tag?post=181166"}],"curies":[{"name":"wp","href":"https:\/\/api.w.org\/{rel}","templated":true}]}}